{"id":220,"date":"2015-10-01T21:56:32","date_gmt":"2015-10-01T21:56:32","guid":{"rendered":"http:\/\/paroquiasjoaobosco.com\/wp\/?page_id=220"},"modified":"2016-09-29T16:59:24","modified_gmt":"2016-09-29T16:59:24","slug":"comunidade-nossa-senhora-aparecida","status":"publish","type":"page","link":"http:\/\/www.paroquiasjoaobosco.com\/index.php\/comunidade-nossa-senhora-aparecida\/","title":{"rendered":"* Com. N. S. Aparecida"},"content":{"rendered":"<p class=\"hide-if-no-js\"><a id=\"set-post-thumbnail\" class=\"thickbox\" title=\"Definir imagem destacada\" href=\"http:\/\/paroquiasjoaobosco.com\/wp-admin\/media-upload.php?post_id=220&amp;type=image&amp;TB_iframe=1\"><img decoding=\"async\" loading=\"lazy\" class=\"attachment-266x266\" src=\"http:\/\/paroquiasjoaobosco.com\/wp-content\/uploads\/2015\/10\/aparecida2.jpg\" alt=\"aparecida2\" width=\"194\" height=\"260\" \/><\/a><\/p>\n<p><strong>Nossa Senhora Aparecida:<\/strong><br \/>\n<strong>Endere\u00e7o:<\/strong> Fazenda Ermida \u2013 13200-000 \u2013 Jundia\u00ed\/SP<br \/>\n<strong>E-mail:<\/strong> nsaparecida@paroquiasjoaobosco.com<\/p>\n<p><strong>Hor\u00e1rio de Missas e Celebra\u00e7\u00f5es:<\/strong>\u00a0<a href=\"http:\/\/paroquiasjoaobosco.com\/index.php\/2015\/09\/22\/missas-da-paroquia\/\"> Clique Aqui!<\/a><\/p>\n<p><!--more--><a href=\"http:\/\/paroquiasjoaobosco.com\/wp-content\/uploads\/2015\/09\/separador-vintage-large1.png\" rel=\"fancybox[220]\"><img decoding=\"async\" loading=\"lazy\" class=\"alignnone wp-image-195\" src=\"http:\/\/paroquiasjoaobosco.com\/wp-content\/uploads\/2015\/09\/separador-vintage-large1-300x13.png\" alt=\"separador-vintage-large1\" width=\"1038\" height=\"45\" srcset=\"http:\/\/www.paroquiasjoaobosco.com\/wp-content\/uploads\/2015\/09\/separador-vintage-large1-300x13.png 300w, http:\/\/www.paroquiasjoaobosco.com\/wp-content\/uploads\/2015\/09\/separador-vintage-large1-1024x45.png 1024w, http:\/\/www.paroquiasjoaobosco.com\/wp-content\/uploads\/2015\/09\/separador-vintage-large1.png 1140w\" sizes=\"(max-width: 1038px) 100vw, 1038px\" \/><\/a><\/p>\n<hr \/>\n<p><a href=\"http:\/\/paroquiasjoaobosco.com\/wp-content\/uploads\/2015\/11\/aviso-da-semana-dom-bosco.png\" rel=\"fancybox[220]\"><img decoding=\"async\" loading=\"lazy\" class=\"size-medium wp-image-326\" src=\"http:\/\/paroquiasjoaobosco.com\/wp-content\/uploads\/2015\/11\/aviso-da-semana-dom-bosco-300x72.png\" alt=\"aviso da semana - dom bosco\" width=\"300\" height=\"72\" srcset=\"http:\/\/www.paroquiasjoaobosco.com\/wp-content\/uploads\/2015\/11\/aviso-da-semana-dom-bosco-300x72.png 300w, http:\/\/www.paroquiasjoaobosco.com\/wp-content\/uploads\/2015\/11\/aviso-da-semana-dom-bosco.png 700w\" sizes=\"(max-width: 300px) 100vw, 300px\" \/><\/a><\/p>\n<hr \/>\n","protected":false},"excerpt":{"rendered":"<p>Nossa Senhora Aparecida: Endere\u00e7o: Fazenda Ermida \u2013 13200-000 \u2013 Jundia\u00ed\/SP E-mail: nsaparecida@paroquiasjoaobosco.com Hor\u00e1rio de Missas e Celebra\u00e7\u00f5es:\u00a0 Clique Aqui!<\/p>\n","protected":false},"author":1,"featured_media":0,"parent":0,"menu_order":0,"comment_status":"closed","ping_status":"closed","template":"","meta":{"_mi_skip_tracking":false,"_exactmetrics_sitenote_active":false,"_exactmetrics_sitenote_note":"","_exactmetrics_sitenote_category":0},"_links":{"self":[{"href":"http:\/\/www.paroquiasjoaobosco.com\/index.php\/wp-json\/wp\/v2\/pages\/220"}],"collection":[{"href":"http:\/\/www.paroquiasjoaobosco.com\/index.php\/wp-json\/wp\/v2\/pages"}],"about":[{"href":"http:\/\/www.paroquiasjoaobosco.com\/index.php\/wp-json\/wp\/v2\/types\/page"}],"author":[{"embeddable":true,"href":"http:\/\/www.paroquiasjoaobosco.com\/index.php\/wp-json\/wp\/v2\/users\/1"}],"replies":[{"embeddable":true,"href":"http:\/\/www.paroquiasjoaobosco.com\/index.php\/wp-json\/wp\/v2\/comments?post=220"}],"version-history":[{"count":15,"href":"http:\/\/www.paroquiasjoaobosco.com\/index.php\/wp-json\/wp\/v2\/pages\/220\/revisions"}],"predecessor-version":[{"id":902,"href":"http:\/\/www.paroquiasjoaobosco.com\/index.php\/wp-json\/wp\/v2\/pages\/220\/revisions\/902"}],"wp:attachment":[{"href":"http:\/\/www.paroquiasjoaobosco.com\/index.php\/wp-json\/wp\/v2\/media?parent=220"}],"curies":[{"name":"wp","href":"https:\/\/api.w.org\/{rel}","templated":true}]}}