{"id":429,"date":"2015-11-14T16:04:02","date_gmt":"2015-11-14T16:04:02","guid":{"rendered":"http:\/\/paroquiasjoaobosco.com\/wp\/?page_id=429"},"modified":"2018-01-24T16:48:40","modified_gmt":"2018-01-24T16:48:40","slug":"inscricoes-para-crisma","status":"publish","type":"page","link":"http:\/\/www.paroquiasjoaobosco.com\/index.php\/inscricoes-para-crisma\/","title":{"rendered":"# Crisma"},"content":{"rendered":"<p>A Crisma \u00e9, por excel\u00eancia, o Sacramento do Esp\u00edrito Santo que confirma no fiel a for\u00e7a do Sacramento do Batismo, refor\u00e7ando nele a sua condi\u00e7\u00e3o de testemunha fiel e defensor de Jesus Cristo.<br \/>\n\u00c9 no dia do Batismo que o crist\u00e3o se torna morada do Pai e do Filho (Jo 4,23) e templo do Esp\u00edrito Santo (1 Cor 3,16). No dia do Sacramento da Crisma, recomprometendo-se com a sua voca\u00e7\u00e3o para a santidade e a evangeliza\u00e7\u00e3o, o adolescente ou adulto crismado recebe uma nova infus\u00e3o do Esp\u00edrito Santo com todos os seus dons. Adulto na f\u00e9, quem for crismado dever\u00e1 colocar \u00e0 disposi\u00e7\u00e3o da Igreja os pr\u00f3prios dons, talentos e carismas, evangelizando pelo exemplo de sua vida, por sua palavra e a\u00e7\u00e3o. Pela gra\u00e7a do Batismo e da Crisma, todos se tornam correspons\u00e1veis pela evangeliza\u00e7\u00e3o atrav\u00e9s do pr\u00f3prio testemunho de vida e palavra.<\/p>\n<hr \/>\n<p>&nbsp;<\/p>\n<p><strong>INSCRI\u00c7\u00c3O PARA CRISMA<\/strong><br \/>\nPer\u00edodo de inscri\u00e7\u00e3o:\u00a016\/01\/2018 \u00e0 28\/02\/2018<br \/>\nIdade: 14 anos a completar at\u00e9 dia de in\u00edcio; 10\/mar\u00e7o\/2018<\/p>\n<p>Documentos necess\u00e1rios:<br \/>\n&#8211; Xerox do RG<br \/>\n&#8211; Xerox de Certid\u00e3o de batismo<br \/>\n&#8211; Xerox do certificado de 1\u00aa Eucaristia<br \/>\n&#8211; Xerox de Comprovante de resid\u00eancia<br \/>\n&#8211;\u00a01 foto recente 3&#215;4<\/p>\n<p>(obs: a inscri\u00e7\u00e3o s\u00f3 ser\u00e1 considerada com todos<br \/>\nos documentos necess\u00e1rios )<\/p>\n","protected":false},"excerpt":{"rendered":"<p>A Crisma \u00e9, por excel\u00eancia, o Sacramento do Esp\u00edrito Santo que confirma no fiel a for\u00e7a do Sacramento do Batismo, refor\u00e7ando nele a sua condi\u00e7\u00e3o de testemunha fiel e defensor de Jesus Cristo. \u00c9 no dia do Batismo que o crist\u00e3o se torna morada do Pai e do Filho (Jo[&#8230;]<\/p>\n","protected":false},"author":1,"featured_media":0,"parent":0,"menu_order":0,"comment_status":"closed","ping_status":"closed","template":"","meta":{"_mi_skip_tracking":false,"_exactmetrics_sitenote_active":false,"_exactmetrics_sitenote_note":"","_exactmetrics_sitenote_category":0},"_links":{"self":[{"href":"http:\/\/www.paroquiasjoaobosco.com\/index.php\/wp-json\/wp\/v2\/pages\/429"}],"collection":[{"href":"http:\/\/www.paroquiasjoaobosco.com\/index.php\/wp-json\/wp\/v2\/pages"}],"about":[{"href":"http:\/\/www.paroquiasjoaobosco.com\/index.php\/wp-json\/wp\/v2\/types\/page"}],"author":[{"embeddable":true,"href":"http:\/\/www.paroquiasjoaobosco.com\/index.php\/wp-json\/wp\/v2\/users\/1"}],"replies":[{"embeddable":true,"href":"http:\/\/www.paroquiasjoaobosco.com\/index.php\/wp-json\/wp\/v2\/comments?post=429"}],"version-history":[{"count":9,"href":"http:\/\/www.paroquiasjoaobosco.com\/index.php\/wp-json\/wp\/v2\/pages\/429\/revisions"}],"predecessor-version":[{"id":1250,"href":"http:\/\/www.paroquiasjoaobosco.com\/index.php\/wp-json\/wp\/v2\/pages\/429\/revisions\/1250"}],"wp:attachment":[{"href":"http:\/\/www.paroquiasjoaobosco.com\/index.php\/wp-json\/wp\/v2\/media?parent=429"}],"curies":[{"name":"wp","href":"https:\/\/api.w.org\/{rel}","templated":true}]}}