{"id":432,"date":"2015-11-14T16:04:19","date_gmt":"2015-11-14T16:04:19","guid":{"rendered":"http:\/\/paroquiasjoaobosco.com\/wp\/?page_id=432"},"modified":"2018-01-24T15:24:46","modified_gmt":"2018-01-24T15:24:46","slug":"inscricoes-para-casamento","status":"publish","type":"page","link":"http:\/\/www.paroquiasjoaobosco.com\/index.php\/inscricoes-para-casamento\/","title":{"rendered":"# Matrim\u00f4nio"},"content":{"rendered":"<p><strong>Prepara\u00e7\u00e3o<\/strong><\/p>\n<p>Os noivos que procuram a Igreja para o Matrim\u00f4nio devem ser instru\u00eddos sobre o sentido do Sacramento e suas responsabilidades como futuros esposos e pais crist\u00e3os.<\/p>\n<p>Os noivos devem participar do Encontro de Prepara\u00e7\u00e3o para o Matrim\u00f4nio, cuja programa\u00e7\u00e3o obedecer\u00e1 \u00e0s normas da Arquidiocese.<\/p>\n<p>Para se casarem na Igreja, os noivos devem ser pessoas batizadas, que se esfor\u00e7am para viver o seu compromisso crist\u00e3o, crismados, participantes da Eucaristia e da vida da comunidade crist\u00e3. Por esse motivo, o Encontro de Prepara\u00e7\u00e3o para o Matrim\u00f4nio deve ser organizado de tal forma que os ajude a voltar \u00e0 Igreja, quando dela estiverem afastados. Os noivos procurem a Par\u00f3quia da noiva ou do noivo para ali realizar o Processo Matrimonial, que deve ser feito , com\u00a0tres meses de anteced\u00eancia.<\/p>\n<hr \/>\n<p><strong>DOCUMENTOS NECESS\u00c1RIOS PARA O PROCESSO MATRIMONIAL<\/strong><\/p>\n<p>Requisitos do casal:<br \/>\n\u2022 Nunca terem sido casados na Igreja Cat\u00f3lica Apost\u00f3lica Romana (n\u00e3o estar em condi\u00e7\u00e3o de 2\u00aa uni\u00e3o)<br \/>\n\u2022 Convivem juntos, mas n\u00e3o s\u00e3o casados no civil e religioso.<br \/>\n\u2022 S\u00e3o casados apenas no civil.<br \/>\n\u2022 Residem na regi\u00e3o da Par\u00f3quia.<\/p>\n<p>O processo matrimonial deve ser iniciado com <strong>anteced\u00eancia de dois meses.<\/strong> Inicia-se com o anexo dos seguintes documentos:<\/p>\n<p>1. Identidade e CPF dos noivos (Xerox)<br \/>\n2. Certid\u00e3o de batismo atualizada (atrav\u00e9s da certid\u00e3o original, pedi-se a certid\u00e3o de batismo atualizada para fins matrimoniais, <em><strong>ESTA TEM VALIDADE SOMENTE DE 6 MESES<\/strong><\/em>)<br \/>\n3. Certid\u00e3o de \u00d3bito: caso seja vi\u00favo (a)<br \/>\n4. Certid\u00e3o de casamento com a Averba\u00e7\u00e3o do Div\u00f3rcio: ser for divorciado (se tiver somente a separa\u00e7\u00e3o n\u00e3o poder\u00e1 casar-se)<br \/>\n5. Declara\u00e7\u00e3o do Civil (Quando marcar casamento no cart\u00f3rio pedir declara\u00e7\u00e3o para levar a Igreja)<br \/>\n6. Comprovante de resid\u00eancia de ambos (Xerox)<br \/>\n7. Comprovante de prepara\u00e7\u00e3o para o casamento(curso de noivos)<br \/>\n8. Padrinhos do religioso (escolher um padrinho da noiva e um do noivo, que ser\u00e3o as testemunhas)<br \/>\n9. Entrevista. Os noivos dever\u00e3o comparecer no dia e hor\u00e1rio pr\u00e9-estabelecidos.<br \/>\n10. Taxa do Matrimonio 01 (um) sal\u00e1rio m\u00ednimo (vigente do m\u00eas de casamento)\u00a0sendo R$150,00 no dia da reserva da data e o restante at\u00e9 30(trinta)\u00a0dias antes do casamento.<br \/>\n11. Flores: a escolha dos profissionais deve ser feita entre noivos e floriculturas autorizadas e cadastradas na paroquia. N\u00e3o ser\u00e3o permitidas floriculturas que estejam fora desse cadastro.<br \/>\n12. M\u00fasica e Fot\u00f3grafo: a escolha fica a crit\u00e9rio dos noivos.<\/p>\n<blockquote><p>FAVOR PROCURAR SECRETARIA DA IGREJA PARA MAIS INFORMA\u00c7\u00d5ES.<\/p>\n<hr \/>\n<p>Para informa\u00e7\u00f5es sobre a cerim\u00f4nia e como proceder na prepara\u00e7\u00e3o a celebra\u00e7\u00e3o temos este site com todas as orienta\u00e7\u00f5es: <a href=\"http:\/\/paroquiasjoaobosco.com\/index.php\/inscricoes-para-casamento\/normais-gerais-casamento\" target=\"_blank\"><strong>NORMAS GERAIS PARA CASAMENTO<\/strong><\/a><\/p>\n<p><span style=\"color: #0000ff;\">\u00a0<\/span><\/p><\/blockquote>\n","protected":false},"excerpt":{"rendered":"<p>Prepara\u00e7\u00e3o Os noivos que procuram a Igreja para o Matrim\u00f4nio devem ser instru\u00eddos sobre o sentido do Sacramento e suas responsabilidades como futuros esposos e pais crist\u00e3os. Os noivos devem participar do Encontro de Prepara\u00e7\u00e3o para o Matrim\u00f4nio, cuja programa\u00e7\u00e3o obedecer\u00e1 \u00e0s normas da Arquidiocese. Para se casarem na Igreja,[&#8230;]<\/p>\n","protected":false},"author":1,"featured_media":0,"parent":0,"menu_order":0,"comment_status":"closed","ping_status":"closed","template":"","meta":{"_mi_skip_tracking":false,"_exactmetrics_sitenote_active":false,"_exactmetrics_sitenote_note":"","_exactmetrics_sitenote_category":0},"_links":{"self":[{"href":"http:\/\/www.paroquiasjoaobosco.com\/index.php\/wp-json\/wp\/v2\/pages\/432"}],"collection":[{"href":"http:\/\/www.paroquiasjoaobosco.com\/index.php\/wp-json\/wp\/v2\/pages"}],"about":[{"href":"http:\/\/www.paroquiasjoaobosco.com\/index.php\/wp-json\/wp\/v2\/types\/page"}],"author":[{"embeddable":true,"href":"http:\/\/www.paroquiasjoaobosco.com\/index.php\/wp-json\/wp\/v2\/users\/1"}],"replies":[{"embeddable":true,"href":"http:\/\/www.paroquiasjoaobosco.com\/index.php\/wp-json\/wp\/v2\/comments?post=432"}],"version-history":[{"count":18,"href":"http:\/\/www.paroquiasjoaobosco.com\/index.php\/wp-json\/wp\/v2\/pages\/432\/revisions"}],"predecessor-version":[{"id":1246,"href":"http:\/\/www.paroquiasjoaobosco.com\/index.php\/wp-json\/wp\/v2\/pages\/432\/revisions\/1246"}],"wp:attachment":[{"href":"http:\/\/www.paroquiasjoaobosco.com\/index.php\/wp-json\/wp\/v2\/media?parent=432"}],"curies":[{"name":"wp","href":"https:\/\/api.w.org\/{rel}","templated":true}]}}