{"id":435,"date":"2015-11-14T16:04:45","date_gmt":"2015-11-14T16:04:45","guid":{"rendered":"http:\/\/paroquiasjoaobosco.com\/wp\/?page_id=435"},"modified":"2018-01-24T16:53:04","modified_gmt":"2018-01-24T16:53:04","slug":"inscricoes-para-catequese-de-adultos","status":"publish","type":"page","link":"http:\/\/www.paroquiasjoaobosco.com\/index.php\/inscricoes-para-catequese-de-adultos\/","title":{"rendered":"# Catequese de Adultos"},"content":{"rendered":"<p><strong>INSCRI\u00c7\u00c3O <\/strong><br \/>\nPer\u00edodo de inscri\u00e7\u00e3o: <strong>Procurar secretaria paroquial<\/strong><br \/>\nIdade: maiores de 18 anos<\/p>\n<p>Documentos necess\u00e1rios:<br \/>\n&#8211; Xerox de Certid\u00e3o de Nascimento ou RG<br \/>\n&#8211; Xerox de Certid\u00e3o de batismo ( se j\u00e1 tiver sido batizado)<br \/>\n&#8211; Xerox do certificado de 1\u00aa Eucaristia (se j\u00e1 tiver feito )<br \/>\n&#8211; Xerox do Comprovante de resid\u00eancia<br \/>\n-1 foto recente 3&#215;4<\/p>\n<p>Se\u00a0 j\u00e1 for casado apresentar a c\u00f3pia da certid\u00e3o de casamento.<\/p>\n<p>(obs: a inscri\u00e7\u00e3o s\u00f3 ser\u00e1 considerada com todos<br \/>\nos documentos necess\u00e1rios )<\/p>\n","protected":false},"excerpt":{"rendered":"<p>INSCRI\u00c7\u00c3O Per\u00edodo de inscri\u00e7\u00e3o: Procurar secretaria paroquial Idade: maiores de 18 anos Documentos necess\u00e1rios: &#8211; Xerox de Certid\u00e3o de Nascimento ou RG &#8211; Xerox de Certid\u00e3o de batismo ( se j\u00e1 tiver sido batizado) &#8211; Xerox do certificado de 1\u00aa Eucaristia (se j\u00e1 tiver feito ) &#8211; Xerox do Comprovante[&#8230;]<\/p>\n","protected":false},"author":1,"featured_media":0,"parent":0,"menu_order":0,"comment_status":"closed","ping_status":"closed","template":"","meta":{"_mi_skip_tracking":false,"_exactmetrics_sitenote_active":false,"_exactmetrics_sitenote_note":"","_exactmetrics_sitenote_category":0},"_links":{"self":[{"href":"http:\/\/www.paroquiasjoaobosco.com\/index.php\/wp-json\/wp\/v2\/pages\/435"}],"collection":[{"href":"http:\/\/www.paroquiasjoaobosco.com\/index.php\/wp-json\/wp\/v2\/pages"}],"about":[{"href":"http:\/\/www.paroquiasjoaobosco.com\/index.php\/wp-json\/wp\/v2\/types\/page"}],"author":[{"embeddable":true,"href":"http:\/\/www.paroquiasjoaobosco.com\/index.php\/wp-json\/wp\/v2\/users\/1"}],"replies":[{"embeddable":true,"href":"http:\/\/www.paroquiasjoaobosco.com\/index.php\/wp-json\/wp\/v2\/comments?post=435"}],"version-history":[{"count":7,"href":"http:\/\/www.paroquiasjoaobosco.com\/index.php\/wp-json\/wp\/v2\/pages\/435\/revisions"}],"predecessor-version":[{"id":1253,"href":"http:\/\/www.paroquiasjoaobosco.com\/index.php\/wp-json\/wp\/v2\/pages\/435\/revisions\/1253"}],"wp:attachment":[{"href":"http:\/\/www.paroquiasjoaobosco.com\/index.php\/wp-json\/wp\/v2\/media?parent=435"}],"curies":[{"name":"wp","href":"https:\/\/api.w.org\/{rel}","templated":true}]}}