{"id":454,"date":"2015-11-16T11:43:21","date_gmt":"2015-11-16T11:43:21","guid":{"rendered":"http:\/\/paroquiasjoaobosco.com\/wp\/?page_id=454"},"modified":"2015-11-16T22:16:13","modified_gmt":"2015-11-16T22:16:13","slug":"pastoral-da-saude","status":"publish","type":"page","link":"http:\/\/www.paroquiasjoaobosco.com\/index.php\/pastoral-da-saude\/","title":{"rendered":"Pastoral da Sa\u00fade"},"content":{"rendered":"<blockquote><p>A Pastoral da Sa\u00fade \u00e9 fruto de muitos anos de um trabalho humanizador que tem como objetivo proporcionar sa\u00fade e dignidade de vida para todos, utilizando como medicamento o Evangelho de Jesus Cristo com ardor mission\u00e1rio, \u00e0 luz da op\u00e7\u00e3o preferencial pelos pobres e enfermos, a servi\u00e7o da vida.<\/p><\/blockquote>\n<blockquote>\n<hr \/>\n<p><strong>Estamos sempre precisando de irm\u00e3os que se disponham a servir nessa pastoral, sobretudo na visita\u00e7\u00e3o aos doentes, informe-se na secretaria paroquial.<\/strong><\/p><\/blockquote>\n","protected":false},"excerpt":{"rendered":"<p>A Pastoral da Sa\u00fade \u00e9 fruto de muitos anos de um trabalho humanizador que tem como objetivo proporcionar sa\u00fade e dignidade de vida para todos, utilizando como medicamento o Evangelho de Jesus Cristo com ardor mission\u00e1rio, \u00e0 luz da op\u00e7\u00e3o preferencial pelos pobres e enfermos, a servi\u00e7o da vida. Estamos[&#8230;]<\/p>\n","protected":false},"author":1,"featured_media":0,"parent":0,"menu_order":0,"comment_status":"closed","ping_status":"closed","template":"","meta":{"_mi_skip_tracking":false,"_exactmetrics_sitenote_active":false,"_exactmetrics_sitenote_note":"","_exactmetrics_sitenote_category":0},"_links":{"self":[{"href":"http:\/\/www.paroquiasjoaobosco.com\/index.php\/wp-json\/wp\/v2\/pages\/454"}],"collection":[{"href":"http:\/\/www.paroquiasjoaobosco.com\/index.php\/wp-json\/wp\/v2\/pages"}],"about":[{"href":"http:\/\/www.paroquiasjoaobosco.com\/index.php\/wp-json\/wp\/v2\/types\/page"}],"author":[{"embeddable":true,"href":"http:\/\/www.paroquiasjoaobosco.com\/index.php\/wp-json\/wp\/v2\/users\/1"}],"replies":[{"embeddable":true,"href":"http:\/\/www.paroquiasjoaobosco.com\/index.php\/wp-json\/wp\/v2\/comments?post=454"}],"version-history":[{"count":3,"href":"http:\/\/www.paroquiasjoaobosco.com\/index.php\/wp-json\/wp\/v2\/pages\/454\/revisions"}],"predecessor-version":[{"id":549,"href":"http:\/\/www.paroquiasjoaobosco.com\/index.php\/wp-json\/wp\/v2\/pages\/454\/revisions\/549"}],"wp:attachment":[{"href":"http:\/\/www.paroquiasjoaobosco.com\/index.php\/wp-json\/wp\/v2\/media?parent=454"}],"curies":[{"name":"wp","href":"https:\/\/api.w.org\/{rel}","templated":true}]}}