{"id":468,"date":"2015-11-16T11:51:59","date_gmt":"2015-11-16T11:51:59","guid":{"rendered":"http:\/\/paroquiasjoaobosco.com\/wp\/?page_id=468"},"modified":"2015-11-19T19:33:03","modified_gmt":"2015-11-19T19:33:03","slug":"pascom","status":"publish","type":"page","link":"http:\/\/www.paroquiasjoaobosco.com\/index.php\/pascom\/","title":{"rendered":"Pascom"},"content":{"rendered":"<blockquote><p>A <strong>PASCOM<\/strong> \u00e9 a pastoral do ser e estar em comunh\u00e3o com a comunidade. O ponto unificador e central da pastoral \u00e9 Jesus Cristo. Jesus que se comunica atrav\u00e9s de par\u00e1bolas, partindo de fatos da vida, conhecidos por todos, para transmitir id\u00e9ias, despertar ades\u00e3o e provocar transforma\u00e7\u00e3o da realidade.<\/p>\n<p>Enfim, a Pastoral da Comunica\u00e7\u00e3o se caracteriza por ser um lugar onde se tem uma vida integrada, participativa, estrat\u00e9gica e aberta \u00e0 avalia\u00e7\u00e3o e \u00e0 celebra\u00e7\u00e3o.<\/p>\n<h2>Objetivos<\/h2>\n<p>\u2013 Evangelizar atrav\u00e9s da internet, tornando presente os valores da mensagem de Cristo;<\/p>\n<p>\u2013 Atrav\u00e9s desse meio de comunica\u00e7\u00e3o, manter os fi\u00e9is informados de tudo o que acontece na Comunidade e na Igreja;<\/p>\n<p>\u2013 Auxiliar na divulga\u00e7\u00e3o de eventos e festividades da Comunidade e da Igreja;<\/p>\n<p>\u2013 Ser um espa\u00e7o aberto para que a Comunidade do Santu\u00e1rio S\u00e3o Francisco possa testemunhar a experi\u00eancia do Amor de Deus na Eucaristia e no pr\u00f3ximo.<\/p><\/blockquote>\n","protected":false},"excerpt":{"rendered":"<p>A PASCOM \u00e9 a pastoral do ser e estar em comunh\u00e3o com a comunidade. O ponto unificador e central da pastoral \u00e9 Jesus Cristo. Jesus que se comunica atrav\u00e9s de par\u00e1bolas, partindo de fatos da vida, conhecidos por todos, para transmitir id\u00e9ias, despertar ades\u00e3o e provocar transforma\u00e7\u00e3o da realidade. Enfim,[&#8230;]<\/p>\n","protected":false},"author":1,"featured_media":0,"parent":0,"menu_order":0,"comment_status":"closed","ping_status":"closed","template":"","meta":{"_mi_skip_tracking":false,"_exactmetrics_sitenote_active":false,"_exactmetrics_sitenote_note":"","_exactmetrics_sitenote_category":0},"_links":{"self":[{"href":"http:\/\/www.paroquiasjoaobosco.com\/index.php\/wp-json\/wp\/v2\/pages\/468"}],"collection":[{"href":"http:\/\/www.paroquiasjoaobosco.com\/index.php\/wp-json\/wp\/v2\/pages"}],"about":[{"href":"http:\/\/www.paroquiasjoaobosco.com\/index.php\/wp-json\/wp\/v2\/types\/page"}],"author":[{"embeddable":true,"href":"http:\/\/www.paroquiasjoaobosco.com\/index.php\/wp-json\/wp\/v2\/users\/1"}],"replies":[{"embeddable":true,"href":"http:\/\/www.paroquiasjoaobosco.com\/index.php\/wp-json\/wp\/v2\/comments?post=468"}],"version-history":[{"count":2,"href":"http:\/\/www.paroquiasjoaobosco.com\/index.php\/wp-json\/wp\/v2\/pages\/468\/revisions"}],"predecessor-version":[{"id":667,"href":"http:\/\/www.paroquiasjoaobosco.com\/index.php\/wp-json\/wp\/v2\/pages\/468\/revisions\/667"}],"wp:attachment":[{"href":"http:\/\/www.paroquiasjoaobosco.com\/index.php\/wp-json\/wp\/v2\/media?parent=468"}],"curies":[{"name":"wp","href":"https:\/\/api.w.org\/{rel}","templated":true}]}}