{"id":474,"date":"2015-11-16T11:53:48","date_gmt":"2015-11-16T11:53:48","guid":{"rendered":"http:\/\/paroquiasjoaobosco.com\/wp\/?page_id=474"},"modified":"2015-11-16T11:53:48","modified_gmt":"2015-11-16T11:53:48","slug":"ostiaria","status":"publish","type":"page","link":"http:\/\/www.paroquiasjoaobosco.com\/index.php\/ostiaria\/","title":{"rendered":"Ostiaria"},"content":{"rendered":"<blockquote>\n<h2>Ostiaria<\/h2>\n<div class=\"artigo-imagem-float\"><\/div>\n<div class=\"artigo-previa\">\u00a0 \u00a0\u00a0 Osti\u00e1ria \u00e9 o minist\u00e9rio que tem como responsabilidade cuidar das alfaias, objetos lit\u00fargicos e vestes lit\u00fargicas. Para que uma celebra\u00e7ao saia em ordem \u00e9 muito importante que o ambiente esteja organizado e que os objetos liturgicos sejam preparados, essa \u00e9 a fun\u00e7ao do nosso minist\u00e9rio.A osti\u00e1ria deve ser consciente de sua responsabilidade: a ele \u00e9 confiada a guarda dos objetos e vestes sagradas, usadas na liturgia. Dada a santidade dos objetos que cuida, o sacrist\u00e3o deve exercer sua fun\u00e7\u00e3o com um profundo zelo religioso, de modo que tudo na sacristia prime pela ordem, beleza e limpeza. Do trabalho da osti\u00e1ria vai depender tamb\u00e9m a beleza e dignidade das cerim\u00f4nias sagradas.<\/div>\n<\/blockquote>\n","protected":false},"excerpt":{"rendered":"<p>Ostiaria \u00a0 \u00a0\u00a0 Osti\u00e1ria \u00e9 o minist\u00e9rio que tem como responsabilidade cuidar das alfaias, objetos lit\u00fargicos e vestes lit\u00fargicas. Para que uma celebra\u00e7ao saia em ordem \u00e9 muito importante que o ambiente esteja organizado e que os objetos liturgicos sejam preparados, essa \u00e9 a fun\u00e7ao do nosso minist\u00e9rio.A osti\u00e1ria deve[&#8230;]<\/p>\n","protected":false},"author":1,"featured_media":0,"parent":0,"menu_order":0,"comment_status":"closed","ping_status":"closed","template":"","meta":{"_mi_skip_tracking":false,"_exactmetrics_sitenote_active":false,"_exactmetrics_sitenote_note":"","_exactmetrics_sitenote_category":0},"_links":{"self":[{"href":"http:\/\/www.paroquiasjoaobosco.com\/index.php\/wp-json\/wp\/v2\/pages\/474"}],"collection":[{"href":"http:\/\/www.paroquiasjoaobosco.com\/index.php\/wp-json\/wp\/v2\/pages"}],"about":[{"href":"http:\/\/www.paroquiasjoaobosco.com\/index.php\/wp-json\/wp\/v2\/types\/page"}],"author":[{"embeddable":true,"href":"http:\/\/www.paroquiasjoaobosco.com\/index.php\/wp-json\/wp\/v2\/users\/1"}],"replies":[{"embeddable":true,"href":"http:\/\/www.paroquiasjoaobosco.com\/index.php\/wp-json\/wp\/v2\/comments?post=474"}],"version-history":[{"count":1,"href":"http:\/\/www.paroquiasjoaobosco.com\/index.php\/wp-json\/wp\/v2\/pages\/474\/revisions"}],"predecessor-version":[{"id":475,"href":"http:\/\/www.paroquiasjoaobosco.com\/index.php\/wp-json\/wp\/v2\/pages\/474\/revisions\/475"}],"wp:attachment":[{"href":"http:\/\/www.paroquiasjoaobosco.com\/index.php\/wp-json\/wp\/v2\/media?parent=474"}],"curies":[{"name":"wp","href":"https:\/\/api.w.org\/{rel}","templated":true}]}}