{"id":489,"date":"2015-11-16T11:59:27","date_gmt":"2015-11-16T11:59:27","guid":{"rendered":"http:\/\/paroquiasjoaobosco.com\/wp\/?page_id=489"},"modified":"2015-11-16T22:06:14","modified_gmt":"2015-11-16T22:06:14","slug":"acolhida","status":"publish","type":"page","link":"http:\/\/www.paroquiasjoaobosco.com\/index.php\/acolhida\/","title":{"rendered":"Acolhida"},"content":{"rendered":"<blockquote>\n<h2>Acolhida<\/h2>\n<p>A acolhida vai muito al\u00e9m do que dar um bom dia ou um bem vindo. \u00c9 aceitar a pessoa do jeito que ela \u00e9 para introduzi-la no conv\u00edvio da comunidade para ela perceber que \u00e9 tratada como pessoa humana. Isso n\u00e3o se d\u00e1 por se considerar o que a pessoa tem, faz ou se mostra com potencial de ajuda \u00e0 comunidade, embora possa apresentar tudo isso. Acolher \u00e9 considerar a pessoa como ser humano respeitado e promovido em sua dignidade. Para isso, \u00e9 preciso dar-lhe vez e permitir-lhe ter um lugar, dentro do poss\u00edvel de sua realidade, para ser e se sentir amada e aceita como pessoa. A pastoral da acolhida \u00e9 um meio forte da a\u00e7\u00e3o mission\u00e1ria, que leva o acolhedor a perceber sua nobre miss\u00e3o de exercer o papel de imitador de Cristo.<\/p>\n<hr \/>\n<p><strong>Venha fazer parte desse time, informe-se na secretaria paroquial.<\/strong>&nbsp;<\/p><\/blockquote>\n","protected":false},"excerpt":{"rendered":"<p>Acolhida A acolhida vai muito al\u00e9m do que dar um bom dia ou um bem vindo. \u00c9 aceitar a pessoa do jeito que ela \u00e9 para introduzi-la no conv\u00edvio da comunidade para ela perceber que \u00e9 tratada como pessoa humana. Isso n\u00e3o se d\u00e1 por se considerar o que a[&#8230;]<\/p>\n","protected":false},"author":1,"featured_media":0,"parent":0,"menu_order":0,"comment_status":"closed","ping_status":"closed","template":"","meta":{"_mi_skip_tracking":false,"_exactmetrics_sitenote_active":false,"_exactmetrics_sitenote_note":"","_exactmetrics_sitenote_category":0},"_links":{"self":[{"href":"http:\/\/www.paroquiasjoaobosco.com\/index.php\/wp-json\/wp\/v2\/pages\/489"}],"collection":[{"href":"http:\/\/www.paroquiasjoaobosco.com\/index.php\/wp-json\/wp\/v2\/pages"}],"about":[{"href":"http:\/\/www.paroquiasjoaobosco.com\/index.php\/wp-json\/wp\/v2\/types\/page"}],"author":[{"embeddable":true,"href":"http:\/\/www.paroquiasjoaobosco.com\/index.php\/wp-json\/wp\/v2\/users\/1"}],"replies":[{"embeddable":true,"href":"http:\/\/www.paroquiasjoaobosco.com\/index.php\/wp-json\/wp\/v2\/comments?post=489"}],"version-history":[{"count":3,"href":"http:\/\/www.paroquiasjoaobosco.com\/index.php\/wp-json\/wp\/v2\/pages\/489\/revisions"}],"predecessor-version":[{"id":537,"href":"http:\/\/www.paroquiasjoaobosco.com\/index.php\/wp-json\/wp\/v2\/pages\/489\/revisions\/537"}],"wp:attachment":[{"href":"http:\/\/www.paroquiasjoaobosco.com\/index.php\/wp-json\/wp\/v2\/media?parent=489"}],"curies":[{"name":"wp","href":"https:\/\/api.w.org\/{rel}","templated":true}]}}