{"id":495,"date":"2015-11-16T12:01:55","date_gmt":"2015-11-16T12:01:55","guid":{"rendered":"http:\/\/paroquiasjoaobosco.com\/wp\/?page_id=495"},"modified":"2015-11-16T22:18:22","modified_gmt":"2015-11-16T22:18:22","slug":"sobriedade","status":"publish","type":"page","link":"http:\/\/www.paroquiasjoaobosco.com\/index.php\/sobriedade\/","title":{"rendered":"Sobriedade"},"content":{"rendered":"<blockquote>\n<h2>Sobriedade<\/h2>\n<p>A Pastoral da Sobriedade \u00e9 a a\u00e7\u00e3o concreta da Igreja na Preven\u00e7\u00e3o e Recupera\u00e7\u00e3o da Depend\u00eancia Qu\u00edmica. \u00c9 uma a\u00e7\u00e3o pastoral conjunta que busca a integra\u00e7\u00e3o entre todas as Pastorais, Movimentos, Comunidades Terap\u00eauticas, Casas de Recupera\u00e7\u00e3o para, atrav\u00e9s da pedagogia de Jesus-Libertador, resgatar e reinserir os exclu\u00eddos, propondo uma mudan\u00e7a de vida atrav\u00e9s da convers\u00e3o.<\/p>\n<hr \/>\n<p><strong>Em nossa par\u00f3quia as reuni\u00f5es acontecem sempre as quartas a partir das 19:30 no sal\u00e3o paroquial.\u00a0<\/strong>&nbsp;<\/p><\/blockquote>\n","protected":false},"excerpt":{"rendered":"<p>Sobriedade A Pastoral da Sobriedade \u00e9 a a\u00e7\u00e3o concreta da Igreja na Preven\u00e7\u00e3o e Recupera\u00e7\u00e3o da Depend\u00eancia Qu\u00edmica. \u00c9 uma a\u00e7\u00e3o pastoral conjunta que busca a integra\u00e7\u00e3o entre todas as Pastorais, Movimentos, Comunidades Terap\u00eauticas, Casas de Recupera\u00e7\u00e3o para, atrav\u00e9s da pedagogia de Jesus-Libertador, resgatar e reinserir os exclu\u00eddos, propondo uma[&#8230;]<\/p>\n","protected":false},"author":1,"featured_media":0,"parent":0,"menu_order":0,"comment_status":"closed","ping_status":"closed","template":"","meta":{"_mi_skip_tracking":false,"_exactmetrics_sitenote_active":false,"_exactmetrics_sitenote_note":"","_exactmetrics_sitenote_category":0},"_links":{"self":[{"href":"http:\/\/www.paroquiasjoaobosco.com\/index.php\/wp-json\/wp\/v2\/pages\/495"}],"collection":[{"href":"http:\/\/www.paroquiasjoaobosco.com\/index.php\/wp-json\/wp\/v2\/pages"}],"about":[{"href":"http:\/\/www.paroquiasjoaobosco.com\/index.php\/wp-json\/wp\/v2\/types\/page"}],"author":[{"embeddable":true,"href":"http:\/\/www.paroquiasjoaobosco.com\/index.php\/wp-json\/wp\/v2\/users\/1"}],"replies":[{"embeddable":true,"href":"http:\/\/www.paroquiasjoaobosco.com\/index.php\/wp-json\/wp\/v2\/comments?post=495"}],"version-history":[{"count":3,"href":"http:\/\/www.paroquiasjoaobosco.com\/index.php\/wp-json\/wp\/v2\/pages\/495\/revisions"}],"predecessor-version":[{"id":551,"href":"http:\/\/www.paroquiasjoaobosco.com\/index.php\/wp-json\/wp\/v2\/pages\/495\/revisions\/551"}],"wp:attachment":[{"href":"http:\/\/www.paroquiasjoaobosco.com\/index.php\/wp-json\/wp\/v2\/media?parent=495"}],"curies":[{"name":"wp","href":"https:\/\/api.w.org\/{rel}","templated":true}]}}