{"id":568,"date":"2015-11-17T20:39:20","date_gmt":"2015-11-17T20:39:20","guid":{"rendered":"http:\/\/paroquiasjoaobosco.com\/wp\/?page_id=568"},"modified":"2015-11-23T11:49:31","modified_gmt":"2015-11-23T11:49:31","slug":"catecumenato","status":"publish","type":"page","link":"http:\/\/www.paroquiasjoaobosco.com\/index.php\/catecumenato\/","title":{"rendered":"Catecumenato"},"content":{"rendered":"<p>Hist\u00f3ria do Caminho Neocatecumenal<\/p>\n<blockquote><p>O Caminho foi iniciado pelo pintor Kiko Arg\u00fcello, convertido do existencialismo ateu, e pela mission\u00e1ria Carmen Hern\u00e1ndez, ambos espanh\u00f3is, na miser\u00e1vel favela de Palomeras Altas em Madri em 1964, sob a forma de forma\u00e7\u00e3o inicia\u00e7\u00e3o catequ\u00e9tica e evangeliza\u00e7\u00e3o para adultos afastados. A primeira comunidade era formada por habitantes de Palomeras Altas, na sua maioria ciganos, prostitutas e ex-presidi\u00e1rios que foram abandonando os seus h\u00e1bitos para seguir os ensinamentos transmitidos por Kiko Arg\u00fcello<\/p>\n<p>Inicialmente o caminho neocatecumenal contou com o fundamental apoio do ent\u00e3o arcebispo de Madri, Dom Casimiro Morcillo, primeiro prelado a apoiar esta experi\u00eancia, notando que a pedagogia do caminho ia ao encontro dos novos ideais inseridos da Igreja pelo rec\u00e9m findado Conc\u00edlio Vaticano II, no qual acabara de participar.<\/p>\n<p>A originalidade do Caminho \u00e9 ter encontrado uma s\u00edntese catequ\u00e9tica no estilo dos evangelizadores dos primeiros s\u00e9culos do cristianismo, v\u00e1lida tanto para os batizados, praticantes ou n\u00e3o, como aos n\u00e3o-crist\u00e3os: a centralidade do kerigma, do an\u00fancio de Cristo morto e ressuscitado, e a viv\u00eancia da f\u00e9 em pequenas comunidades, cuja finalidade \u00e9 o amadurecimento na f\u00e9 e a integra\u00e7\u00e3o plena de seus membros na par\u00f3quia.<\/p>\n<p>O processo se inicia com uma catequiza\u00e7\u00e3o kerigm\u00e1tica, onde se constitui uma comunidade, e conclui, depois de v\u00e1rios anos e v\u00e1rias etapas, com a renova\u00e7\u00e3o solene das promessas batismais diante do bispo diocesano, a quem a comunidade se oferece para ajudar nas necessidades pastorais das par\u00f3quias.<\/p>\n<p>Assim, primeiras comunidades nasceram em par\u00f3quias espanholas de Zamora e Madrid, depois de 1967, eram dadas as primeiras catequeses iniciais na par\u00f3quia dos Santos M\u00e1rtires Canadenses em Roma, hoje, por\u00e9m, o Caminho encontra-se presentes em cerca de 5 mil par\u00f3quias dos cinco continentes.<\/p>\n<p>Segundo explicam seus iniciadores, o Caminho responde concretamente a muitas das intui\u00e7\u00f5es pastorais do Conc\u00edlio Vaticano II, como o redescobrimento da Vig\u00edlia Pascal, a participa\u00e7\u00e3o evangelizadora dos leigos ou a potencia\u00e7\u00e3o dos semin\u00e1rios diocesanos mission\u00e1rios, entre outras. Talvez a mais nova seja o envio de fam\u00edlias em miss\u00e3o, a pedido dos bispos locais, para promover, junto com um sacerdote, a implantatio ecclesiae naqueles lugares nos quais n\u00e3o existe a Igreja Cat\u00f3lica.<\/p>\n<p>Desde seus in\u00edcio do Caminho, as atitudes dos diferentes papas, desde Paulo VI at\u00e9 Francisco, foram favor\u00e1veis para com o Caminho Neocatecumenal; especialmente Jo\u00e3o Paulo II, cujo no longo pontificado este Caminho teve seus primeiros reconhecimentos oficiais.<\/p>\n<p>O primeiro foi em 1990, em forma de carta de reconhecimento ao Pontif\u00edcio Conselho para os Leigos, no qual se definia como \u201c(\u2026)um itiner\u00e1rio de forma\u00e7\u00e3o cat\u00f3lica v\u00e1lida para nossa sociedade e para o homem atual(\u2026)\u201d.<\/p>\n<p>Posteriormente, em 29 de junho de 2002, foram aprovados por decreto deste mesmo Conselho os estatutos do Caminho ad experimentum durante um per\u00edodo de cinco anos, que conclui com a presente aprova\u00e7\u00e3o definitiva.<\/p>\n<p>Em 13 de junho de 2008, o cardeal Stanislaw Rylko, ent\u00e3o presidente do Pontif\u00edcio conselho para os leigos, entregou aos iniciadores do Caminho neocatecumenal o decreto de aprova\u00e7\u00e3o definitiva dos estatutos dessa realidade eclesial ad eternum.<\/p>\n<p>Em janeiro de 2011 o Papa Bento XVI enviou mais de 200 fam\u00edlias em Miss\u00e3o em uma celebra\u00e7\u00e3o. Hoje, o n\u00famero das fam\u00edlias do Caminho em miss\u00e3o para a nova evangeliza\u00e7\u00e3o em 78 pa\u00edses \u00e9 de mais de 800, com 3\u202f097 filhos, das quais 389 na Europa, 189 na Am\u00e9rica, 113 na \u00c1sia, 56 na Austr\u00e1lia, 46 na \u00c1frica e 15 no Oriente M\u00e9dio[carece de fontes].<\/p>\n<p>Em 20 de janeiro de 2012, em um encontro com o Papa Bento XVI, o secret\u00e1rio do Conselho Pontif\u00edcios para os leigos, D. Josef Clemens, leu o decreto de aprova\u00e7\u00e3o \u00e0s celebra\u00e7\u00f5es (n\u00e3o \u201cestritamente lit\u00fargicas\u201d, segundo Bento XVI) que acompanham o percurso catequ\u00e9tico dos neocatecumenais. Decis\u00e3o esta que surge ap\u00f3s 15 anos de estudo por parte da Congrega\u00e7\u00e3o para o Culto Divino e a Disciplina dos Sacramentos, somando-se \u00e0s anteriores aprova\u00e7\u00f5es dos Estatutos (2008) e dos 13 volumes do \u201cDiret\u00f3rio Catequ\u00e9tico\u201d do Caminho Neocatecumenal (2011).<\/p>\n<p>Neste encontro estiveram presentes tamb\u00e9m seis cardeais, mais de 30 bispos, centenas de padres e estudantes dos semin\u00e1rios \u2018Redemptoris Mater\u2019 e 1200 equipes de catequistas itinerantes.[1] .<\/p>\n<p>Em fevereiro de 2014 o Papa Francisco, em uma audi\u00eancia privada com a presen\u00e7a de cerca de 8mil pessoas, enviou mais de 400 fam\u00edlias em miss\u00e3o do Caminho Neocatecumenal e novas quarenta \u201cmissiones ad gentes\u201d para as as \u00e1reas mais descristianizadas da Europa, das Am\u00e9ricas e da \u00c1sia[2] .<\/p>\n<p>&nbsp;<\/p><\/blockquote>\n","protected":false},"excerpt":{"rendered":"<p>Hist\u00f3ria do Caminho Neocatecumenal O Caminho foi iniciado pelo pintor Kiko Arg\u00fcello, convertido do existencialismo ateu, e pela mission\u00e1ria Carmen Hern\u00e1ndez, ambos espanh\u00f3is, na miser\u00e1vel favela de Palomeras Altas em Madri em 1964, sob a forma de forma\u00e7\u00e3o inicia\u00e7\u00e3o catequ\u00e9tica e evangeliza\u00e7\u00e3o para adultos afastados. A primeira comunidade era formada[&#8230;]<\/p>\n","protected":false},"author":1,"featured_media":0,"parent":0,"menu_order":0,"comment_status":"closed","ping_status":"closed","template":"","meta":{"_mi_skip_tracking":false,"_exactmetrics_sitenote_active":false,"_exactmetrics_sitenote_note":"","_exactmetrics_sitenote_category":0},"_links":{"self":[{"href":"http:\/\/www.paroquiasjoaobosco.com\/index.php\/wp-json\/wp\/v2\/pages\/568"}],"collection":[{"href":"http:\/\/www.paroquiasjoaobosco.com\/index.php\/wp-json\/wp\/v2\/pages"}],"about":[{"href":"http:\/\/www.paroquiasjoaobosco.com\/index.php\/wp-json\/wp\/v2\/types\/page"}],"author":[{"embeddable":true,"href":"http:\/\/www.paroquiasjoaobosco.com\/index.php\/wp-json\/wp\/v2\/users\/1"}],"replies":[{"embeddable":true,"href":"http:\/\/www.paroquiasjoaobosco.com\/index.php\/wp-json\/wp\/v2\/comments?post=568"}],"version-history":[{"count":6,"href":"http:\/\/www.paroquiasjoaobosco.com\/index.php\/wp-json\/wp\/v2\/pages\/568\/revisions"}],"predecessor-version":[{"id":729,"href":"http:\/\/www.paroquiasjoaobosco.com\/index.php\/wp-json\/wp\/v2\/pages\/568\/revisions\/729"}],"wp:attachment":[{"href":"http:\/\/www.paroquiasjoaobosco.com\/index.php\/wp-json\/wp\/v2\/media?parent=568"}],"curies":[{"name":"wp","href":"https:\/\/api.w.org\/{rel}","templated":true}]}}