{"id":570,"date":"2015-11-17T20:40:01","date_gmt":"2015-11-17T20:40:01","guid":{"rendered":"http:\/\/paroquiasjoaobosco.com\/wp\/?page_id=570"},"modified":"2015-11-19T12:39:46","modified_gmt":"2015-11-19T12:39:46","slug":"renovacao-carismatica","status":"publish","type":"page","link":"http:\/\/www.paroquiasjoaobosco.com\/index.php\/renovacao-carismatica\/","title":{"rendered":"Renova\u00e7\u00e3o Carism\u00e1tica"},"content":{"rendered":"<p><strong>Renova\u00e7\u00e3o Carism\u00e1tica Cat\u00f3lica<\/strong><\/p>\n<p>Renova\u00e7\u00e3o Carism\u00e1tica Cat\u00f3lica (tamb\u00e9m chamada \u201cRCC\u201c) \u00e9 um movimento da Igreja Cat\u00f3lica Apost\u00f3lica Romana surgido nos Estados Unidos em meados da d\u00e9cada de 1960 e espalhada por todo o mundo, pela influ\u00eancia da Movimento Carism\u00e1tico da Igreja episcopal protestante, dentro dum pensamento ecum\u00e9nico, por\u00e9m mantendo os dogmas do Catolicismo Romano.<\/p>\n<p>A pr\u00e1tica da RCC baseia-se na experi\u00eancia pessoal com Deus, pela for\u00e7a do Esp\u00edrito Santo e de seus dons, a fim de que todos tornem-se disc\u00edpulos de Jesus Cristo.<\/p>\n<p>O movimento procura oferecer uma abordagem inovadora \u00e0s formas tradicionais de doutrina\u00e7\u00e3o e renovar pr\u00e1ticas tradicionais dos ritos e da m\u00edstica da Igreja, mas sem desviar-se da Doutrina da Igreja Cat\u00f3lica como muitos o fazem e permanecendo fiel a todos os preceitos cat\u00f3licos romanos. Existem atualmente mais de 100 milh\u00f5es de membros espalhados pelo mundo (comumente denominados Cat\u00f3licos Carism\u00e1ticos).<\/p>\n<p>fonte: Wikip\u00e9dia<\/p>\n<hr \/>\n<p><strong>Em nossa par\u00f3quia temos um grupo de ora\u00e7\u00e3o que acontece todas as quarta feiras ap\u00f3s a celebra\u00e7\u00e3o das 19:30. na Comunidade Nossa Senhora de F\u00e1tima, Medeiros.<\/strong><\/p>\n<p>&nbsp;<\/p>\n","protected":false},"excerpt":{"rendered":"<p>Renova\u00e7\u00e3o Carism\u00e1tica Cat\u00f3lica Renova\u00e7\u00e3o Carism\u00e1tica Cat\u00f3lica (tamb\u00e9m chamada \u201cRCC\u201c) \u00e9 um movimento da Igreja Cat\u00f3lica Apost\u00f3lica Romana surgido nos Estados Unidos em meados da d\u00e9cada de 1960 e espalhada por todo o mundo, pela influ\u00eancia da Movimento Carism\u00e1tico da Igreja episcopal protestante, dentro dum pensamento ecum\u00e9nico, por\u00e9m mantendo os dogmas[&#8230;]<\/p>\n","protected":false},"author":1,"featured_media":0,"parent":0,"menu_order":0,"comment_status":"closed","ping_status":"closed","template":"","meta":{"_mi_skip_tracking":false,"_exactmetrics_sitenote_active":false,"_exactmetrics_sitenote_note":"","_exactmetrics_sitenote_category":0},"_links":{"self":[{"href":"http:\/\/www.paroquiasjoaobosco.com\/index.php\/wp-json\/wp\/v2\/pages\/570"}],"collection":[{"href":"http:\/\/www.paroquiasjoaobosco.com\/index.php\/wp-json\/wp\/v2\/pages"}],"about":[{"href":"http:\/\/www.paroquiasjoaobosco.com\/index.php\/wp-json\/wp\/v2\/types\/page"}],"author":[{"embeddable":true,"href":"http:\/\/www.paroquiasjoaobosco.com\/index.php\/wp-json\/wp\/v2\/users\/1"}],"replies":[{"embeddable":true,"href":"http:\/\/www.paroquiasjoaobosco.com\/index.php\/wp-json\/wp\/v2\/comments?post=570"}],"version-history":[{"count":4,"href":"http:\/\/www.paroquiasjoaobosco.com\/index.php\/wp-json\/wp\/v2\/pages\/570\/revisions"}],"predecessor-version":[{"id":654,"href":"http:\/\/www.paroquiasjoaobosco.com\/index.php\/wp-json\/wp\/v2\/pages\/570\/revisions\/654"}],"wp:attachment":[{"href":"http:\/\/www.paroquiasjoaobosco.com\/index.php\/wp-json\/wp\/v2\/media?parent=570"}],"curies":[{"name":"wp","href":"https:\/\/api.w.org\/{rel}","templated":true}]}}