{"id":572,"date":"2015-11-17T20:40:34","date_gmt":"2015-11-17T20:40:34","guid":{"rendered":"http:\/\/paroquiasjoaobosco.com\/wp\/?page_id=572"},"modified":"2015-11-17T20:53:10","modified_gmt":"2015-11-17T20:53:10","slug":"vicentinos","status":"publish","type":"page","link":"http:\/\/www.paroquiasjoaobosco.com\/index.php\/vicentinos\/","title":{"rendered":"Vicentinos"},"content":{"rendered":"<p><strong>Vicentinos \u2013 SSVP<\/strong><\/p>\n<p>Os vicentinos re\u00fanem-se semanalmente em grupos chamados de Confer\u00eancias, Atrav\u00e9s de visitas semanais \u00e0s casas das fam\u00edlias assistidas, os membros da Confer\u00eancia da Par\u00f3quia, confrades e consocias, monitoram a necessidade e o uso do aux\u00edlio material (sacola de alimentos, rem\u00e9dios, roupas, etc.) doados pelas comunidades e disponibilizados pelos vicentinos. A pr\u00f3pria comunidade indica as fam\u00edlias que necessitam de auxilio e as Confer\u00eancias inicia, ent\u00e3o a \u201csindic\u00e2ncia\u201d para avaliar as reais necessidade e fazer um atendimento emergencial at\u00e9 que se decida se a fam\u00edlia ser\u00e1 adotada na condi\u00e7\u00e3o de assistida, e o que poder\u00e1 ser feito pelo n\u00facleo familiar.<\/p>\n<p>&nbsp;<\/p>\n","protected":false},"excerpt":{"rendered":"<p>Vicentinos \u2013 SSVP Os vicentinos re\u00fanem-se semanalmente em grupos chamados de Confer\u00eancias, Atrav\u00e9s de visitas semanais \u00e0s casas das fam\u00edlias assistidas, os membros da Confer\u00eancia da Par\u00f3quia, confrades e consocias, monitoram a necessidade e o uso do aux\u00edlio material (sacola de alimentos, rem\u00e9dios, roupas, etc.) doados pelas comunidades e disponibilizados[&#8230;]<\/p>\n","protected":false},"author":1,"featured_media":0,"parent":0,"menu_order":0,"comment_status":"closed","ping_status":"closed","template":"","meta":{"_mi_skip_tracking":false,"_exactmetrics_sitenote_active":false,"_exactmetrics_sitenote_note":"","_exactmetrics_sitenote_category":0},"_links":{"self":[{"href":"http:\/\/www.paroquiasjoaobosco.com\/index.php\/wp-json\/wp\/v2\/pages\/572"}],"collection":[{"href":"http:\/\/www.paroquiasjoaobosco.com\/index.php\/wp-json\/wp\/v2\/pages"}],"about":[{"href":"http:\/\/www.paroquiasjoaobosco.com\/index.php\/wp-json\/wp\/v2\/types\/page"}],"author":[{"embeddable":true,"href":"http:\/\/www.paroquiasjoaobosco.com\/index.php\/wp-json\/wp\/v2\/users\/1"}],"replies":[{"embeddable":true,"href":"http:\/\/www.paroquiasjoaobosco.com\/index.php\/wp-json\/wp\/v2\/comments?post=572"}],"version-history":[{"count":2,"href":"http:\/\/www.paroquiasjoaobosco.com\/index.php\/wp-json\/wp\/v2\/pages\/572\/revisions"}],"predecessor-version":[{"id":585,"href":"http:\/\/www.paroquiasjoaobosco.com\/index.php\/wp-json\/wp\/v2\/pages\/572\/revisions\/585"}],"wp:attachment":[{"href":"http:\/\/www.paroquiasjoaobosco.com\/index.php\/wp-json\/wp\/v2\/media?parent=572"}],"curies":[{"name":"wp","href":"https:\/\/api.w.org\/{rel}","templated":true}]}}