{"id":574,"date":"2015-11-17T20:41:08","date_gmt":"2015-11-17T20:41:08","guid":{"rendered":"http:\/\/paroquiasjoaobosco.com\/wp\/?page_id=574"},"modified":"2015-11-25T13:13:41","modified_gmt":"2015-11-25T13:13:41","slug":"encontro-casais-com-cristo","status":"publish","type":"page","link":"http:\/\/www.paroquiasjoaobosco.com\/index.php\/encontro-casais-com-cristo\/","title":{"rendered":"Encontro de Casais com Cristo &#8211; ECC"},"content":{"rendered":"<p><strong>O Encontro de Casais com Cristo &#8211; ECC &#8211; \u00e9 um servi\u00e7o da Igreja, em favor da evangeliza\u00e7\u00e3o das fam\u00edlias da comunidade paroquial, mostrando pistas para que os casais se reencontrem com eles mesmos, com os filhos, com a comunidade e, principalmente, com Cristo, tendo uma vis\u00e3o do que \u00e9 \u201cser Igreja hoje\u201d e de seu compromisso com a dignidade da pessoa humana e com a Justi\u00e7a Social.<br \/>\n&#8220;A evangeliza\u00e7\u00e3o do matrim\u00f4nio e da fam\u00edlia \u00e9 miss\u00e3o de toda a Igreja, em que todos os fi\u00e9is devem cooperar segundo as pr\u00f3prias condi\u00e7\u00f5es e voca\u00e7\u00e3o. Deve partir do conceito exato de matrim\u00f4nio e de fam\u00edlia, \u00e0 luz da Revela\u00e7\u00e3o, segundo o Magist\u00e9rio da Igreja&#8221; (Orienta\u00e7\u00f5es Pastorais sobre o Matrim\u00f4nio &#8211; CNBB Doc. N\u00ba 12).<br \/>\nO ECC quer contribuir decisivamente para essa evangeliza\u00e7\u00e3o. Quer ser um Instrumento important\u00edssimo dentro dessa din\u00e2mica evangelizadora.<br \/>\nO Encontro de Casais com Cristo \u00e9 um servi\u00e7o da Igreja, em favor das fam\u00edlias, que teve origem em 1970, na Par\u00f3quia Nossa Senhora do Ros\u00e1rio, na Vila Pomp\u00e9ia, em S\u00e3o Paulo, por iniciativa do Pe. Alfonso Pastore. Nasceu da inquietude de um sacerdote que est\u00e1 dedicando seus quase 30 anos de vida sacerdotal \u00e0 Pastoral Familiar, \u00e0 Pastoral da Sa\u00fade e \u00e0 Pastoral Carcer\u00e1ria. \u201cCome\u00e7ou porque Deus quis, e a presen\u00e7a e atividade do ECC no Brasil s\u00e3o as provas da A\u00e7\u00e3o de Deus na humanidade\u201d (Padre Alfonso Pastore).<br \/>\nO ECC hoje \u00e9 uma realidade no Brasil inteiro, estando presente e atuando em aproximadamente 150 (Arqui) Dioceses.<br \/>\nDiante dessa acelerada expans\u00e3o do ECC, procurando cumprir com sua a\u00e7\u00e3o mission\u00e1ria, objetivando manter bem vivo o esp\u00edrito inicial do ECC, sua finalidade e caracter\u00edstica, sua unidade e integridade, fazia-se necess\u00e1ria a elabora\u00e7\u00e3o de um documento, em n\u00edvel Nacional, que pudesse dar a todas as (Arqui) Dioceses e Par\u00f3quias uma orienta\u00e7\u00e3o segura, procurando aprimorar sua linha evangelizadora.<br \/>\nN\u00e3o se trata de elencar \u201cleis\u201d, de montar estruturas e burocratizar o Encontro, nem de buscar perfeccionismo ou de \u201cmelhorar o Encontro\u201d, mas sim de preservar o esp\u00edrito inicial do ECC, seus objetivos, suas caracter\u00edsticas, assim como ele foi criado, protegendo-o da tenta\u00e7\u00e3o de muda-lo ou de efetuar \u201cadapta\u00e7\u00f5es\u201d que o desfigurem e desvirtuem totalmente. Leve-se em considera\u00e7\u00e3o, ainda, que se trocam anualmente os Casais Dirigentes, havendo portanto, necessidade de subs\u00eddios e orienta\u00e7\u00f5es precisas para os que assumem, preservando essa integridade do esp\u00edrito do ECC.<br \/>\nDessa forma, o Encontro de Casais com Cristo estar\u00e1 contribuindo para que as fam\u00edlias se constituam em \u201cIgrejas Dom\u00e9sticas\u201d, em \u201cFormadoras de Pessoas\u201d, \u201cEducadoras na F\u00e9\u201d e \u201cPromotoras do Desenvolvimento\u201d, tendo seu lugar insubstitu\u00edvel no an\u00fancio e viv\u00eancia do Evangelho, pois o \u201cFUTURO DA HUMANIDADE PASSA PELA FAM\u00cdLIA\u201d.<\/strong><\/p>\n","protected":false},"excerpt":{"rendered":"<p>O Encontro de Casais com Cristo &#8211; ECC &#8211; \u00e9 um servi\u00e7o da Igreja, em favor da evangeliza\u00e7\u00e3o das fam\u00edlias da comunidade paroquial, mostrando pistas para que os casais se reencontrem com eles mesmos, com os filhos, com a comunidade e, principalmente, com Cristo, tendo uma vis\u00e3o do que \u00e9[&#8230;]<\/p>\n","protected":false},"author":1,"featured_media":0,"parent":0,"menu_order":0,"comment_status":"closed","ping_status":"closed","template":"","meta":{"_mi_skip_tracking":false,"_exactmetrics_sitenote_active":false,"_exactmetrics_sitenote_note":"","_exactmetrics_sitenote_category":0},"_links":{"self":[{"href":"http:\/\/www.paroquiasjoaobosco.com\/index.php\/wp-json\/wp\/v2\/pages\/574"}],"collection":[{"href":"http:\/\/www.paroquiasjoaobosco.com\/index.php\/wp-json\/wp\/v2\/pages"}],"about":[{"href":"http:\/\/www.paroquiasjoaobosco.com\/index.php\/wp-json\/wp\/v2\/types\/page"}],"author":[{"embeddable":true,"href":"http:\/\/www.paroquiasjoaobosco.com\/index.php\/wp-json\/wp\/v2\/users\/1"}],"replies":[{"embeddable":true,"href":"http:\/\/www.paroquiasjoaobosco.com\/index.php\/wp-json\/wp\/v2\/comments?post=574"}],"version-history":[{"count":7,"href":"http:\/\/www.paroquiasjoaobosco.com\/index.php\/wp-json\/wp\/v2\/pages\/574\/revisions"}],"predecessor-version":[{"id":787,"href":"http:\/\/www.paroquiasjoaobosco.com\/index.php\/wp-json\/wp\/v2\/pages\/574\/revisions\/787"}],"wp:attachment":[{"href":"http:\/\/www.paroquiasjoaobosco.com\/index.php\/wp-json\/wp\/v2\/media?parent=574"}],"curies":[{"name":"wp","href":"https:\/\/api.w.org\/{rel}","templated":true}]}}