{"id":576,"date":"2015-11-17T20:41:28","date_gmt":"2015-11-17T20:41:28","guid":{"rendered":"http:\/\/paroquiasjoaobosco.com\/wp\/?page_id=576"},"modified":"2015-11-17T20:54:56","modified_gmt":"2015-11-17T20:54:56","slug":"clube-de-maes","status":"publish","type":"page","link":"http:\/\/www.paroquiasjoaobosco.com\/index.php\/clube-de-maes\/","title":{"rendered":"Clube de M\u00e3es"},"content":{"rendered":"<p><strong>Clube das M\u00e3es<\/strong><\/p>\n<p>\u00c9 destinado para m\u00e3es que queiram praticar diversas atividades artesanais como: Pintura, Bordado, Croch\u00ea e tric\u00f4. Al\u00e9m dessas atividades, bazares s\u00e3o realizados para a venda dos produtos confeccionados pelas m\u00e3es.<\/p>\n","protected":false},"excerpt":{"rendered":"<p>Clube das M\u00e3es \u00c9 destinado para m\u00e3es que queiram praticar diversas atividades artesanais como: Pintura, Bordado, Croch\u00ea e tric\u00f4. Al\u00e9m dessas atividades, bazares s\u00e3o realizados para a venda dos produtos confeccionados pelas m\u00e3es.<\/p>\n","protected":false},"author":1,"featured_media":0,"parent":0,"menu_order":0,"comment_status":"closed","ping_status":"closed","template":"","meta":{"_mi_skip_tracking":false,"_exactmetrics_sitenote_active":false,"_exactmetrics_sitenote_note":"","_exactmetrics_sitenote_category":0},"_links":{"self":[{"href":"http:\/\/www.paroquiasjoaobosco.com\/index.php\/wp-json\/wp\/v2\/pages\/576"}],"collection":[{"href":"http:\/\/www.paroquiasjoaobosco.com\/index.php\/wp-json\/wp\/v2\/pages"}],"about":[{"href":"http:\/\/www.paroquiasjoaobosco.com\/index.php\/wp-json\/wp\/v2\/types\/page"}],"author":[{"embeddable":true,"href":"http:\/\/www.paroquiasjoaobosco.com\/index.php\/wp-json\/wp\/v2\/users\/1"}],"replies":[{"embeddable":true,"href":"http:\/\/www.paroquiasjoaobosco.com\/index.php\/wp-json\/wp\/v2\/comments?post=576"}],"version-history":[{"count":3,"href":"http:\/\/www.paroquiasjoaobosco.com\/index.php\/wp-json\/wp\/v2\/pages\/576\/revisions"}],"predecessor-version":[{"id":588,"href":"http:\/\/www.paroquiasjoaobosco.com\/index.php\/wp-json\/wp\/v2\/pages\/576\/revisions\/588"}],"wp:attachment":[{"href":"http:\/\/www.paroquiasjoaobosco.com\/index.php\/wp-json\/wp\/v2\/media?parent=576"}],"curies":[{"name":"wp","href":"https:\/\/api.w.org\/{rel}","templated":true}]}}