{"id":629,"date":"2015-11-19T11:41:50","date_gmt":"2015-11-19T11:41:50","guid":{"rendered":"http:\/\/paroquiasjoaobosco.com\/wp\/?page_id=629"},"modified":"2015-11-19T19:30:41","modified_gmt":"2015-11-19T19:30:41","slug":"perseveranca","status":"publish","type":"page","link":"http:\/\/www.paroquiasjoaobosco.com\/index.php\/perseveranca\/","title":{"rendered":"Perseveran\u00e7a"},"content":{"rendered":"<p>A Perseveran\u00e7a \u00e9 uma Catequese de p\u00f3s-Eucaristia, onde os catequizandos s\u00e3o chamados a continuar sua caminhada crist\u00e3, rumo ao amadurecimento na F\u00e9, objetivo maior da Catequese de Crisma.<\/p>\n<p>Como n\u00e3o \u00e9 uma Catequese obrigat\u00f3ria (n\u00e3o objetiva nenhum sacramento), muitos catequizandos abandonam essa etapa e ficam esperando completar 14 anos \u2013 para fazer a Crisma, e deixam de beber desta inesgot\u00e1vel fonte de \u00e1gua viva, que \u00e9 o pr\u00f3prio Jesus.<\/p>\n<p>Nesta fase, a participa\u00e7\u00e3o da fam\u00edlia \u00e9 fundamental, incentivando seus filhos e testemunhando seu amor a Deus e ao pr\u00f3ximo, para que eles n\u00e3o desanimem, parando de freq\u00fcentar a catequese e deixando de crescer na F\u00e9.<\/p>\n<p><em>\u201cQuem permanecer em mim e eu nele, esse d\u00e1 muito fruto; porque sem mim nada podeis fazer.\u201d (Jo 15, 5)<br \/>\n\u201c\u2026pois vos \u00e9 necess\u00e1ria a perseveran\u00e7a para fazerdes a vontade de Deus e alcan\u00e7ardes os bens prometidos.\u201d (Hb 10, 36)<\/em><\/p>\n<p><em>\u201c\u2026aquele que perseverar at\u00e9 o fim , ser\u00e1 salvo.\u201d (Mt 10, 22)<\/em><\/p>\n<p>REQUISITOS: Ter feito a Primeira Comunh\u00e3o e estar disposto a continuar a caminhada crist\u00e3.<\/p>\n","protected":false},"excerpt":{"rendered":"<p>A Perseveran\u00e7a \u00e9 uma Catequese de p\u00f3s-Eucaristia, onde os catequizandos s\u00e3o chamados a continuar sua caminhada crist\u00e3, rumo ao amadurecimento na F\u00e9, objetivo maior da Catequese de Crisma. Como n\u00e3o \u00e9 uma Catequese obrigat\u00f3ria (n\u00e3o objetiva nenhum sacramento), muitos catequizandos abandonam essa etapa e ficam esperando completar 14 anos \u2013[&#8230;]<\/p>\n","protected":false},"author":1,"featured_media":0,"parent":0,"menu_order":0,"comment_status":"closed","ping_status":"closed","template":"","meta":{"_mi_skip_tracking":false,"_exactmetrics_sitenote_active":false,"_exactmetrics_sitenote_note":"","_exactmetrics_sitenote_category":0},"_links":{"self":[{"href":"http:\/\/www.paroquiasjoaobosco.com\/index.php\/wp-json\/wp\/v2\/pages\/629"}],"collection":[{"href":"http:\/\/www.paroquiasjoaobosco.com\/index.php\/wp-json\/wp\/v2\/pages"}],"about":[{"href":"http:\/\/www.paroquiasjoaobosco.com\/index.php\/wp-json\/wp\/v2\/types\/page"}],"author":[{"embeddable":true,"href":"http:\/\/www.paroquiasjoaobosco.com\/index.php\/wp-json\/wp\/v2\/users\/1"}],"replies":[{"embeddable":true,"href":"http:\/\/www.paroquiasjoaobosco.com\/index.php\/wp-json\/wp\/v2\/comments?post=629"}],"version-history":[{"count":2,"href":"http:\/\/www.paroquiasjoaobosco.com\/index.php\/wp-json\/wp\/v2\/pages\/629\/revisions"}],"predecessor-version":[{"id":666,"href":"http:\/\/www.paroquiasjoaobosco.com\/index.php\/wp-json\/wp\/v2\/pages\/629\/revisions\/666"}],"wp:attachment":[{"href":"http:\/\/www.paroquiasjoaobosco.com\/index.php\/wp-json\/wp\/v2\/media?parent=629"}],"curies":[{"name":"wp","href":"https:\/\/api.w.org\/{rel}","templated":true}]}}