{"id":633,"date":"2015-11-19T11:46:06","date_gmt":"2015-11-19T11:46:06","guid":{"rendered":"http:\/\/paroquiasjoaobosco.com\/wp\/?page_id=633"},"modified":"2015-11-19T11:46:06","modified_gmt":"2015-11-19T11:46:06","slug":"grupo-de-rua","status":"publish","type":"page","link":"http:\/\/www.paroquiasjoaobosco.com\/index.php\/grupo-de-rua\/","title":{"rendered":"Grupo de Rua"},"content":{"rendered":"<p>Esta pastoral desenvolve os trabalho de integra\u00e7\u00e3o do povo de Deus com a comunidade local.<\/p>\n<p>trabalham os subs\u00eddios fornecidos pela diocese; novenas de natal; campanha da fraternidade e Santas Missoes Populares.<\/p>\n","protected":false},"excerpt":{"rendered":"<p>Esta pastoral desenvolve os trabalho de integra\u00e7\u00e3o do povo de Deus com a comunidade local. trabalham os subs\u00eddios fornecidos pela diocese; novenas de natal; campanha da fraternidade e Santas Missoes Populares.<\/p>\n","protected":false},"author":1,"featured_media":0,"parent":0,"menu_order":0,"comment_status":"closed","ping_status":"closed","template":"","meta":{"_mi_skip_tracking":false,"_exactmetrics_sitenote_active":false,"_exactmetrics_sitenote_note":"","_exactmetrics_sitenote_category":0},"_links":{"self":[{"href":"http:\/\/www.paroquiasjoaobosco.com\/index.php\/wp-json\/wp\/v2\/pages\/633"}],"collection":[{"href":"http:\/\/www.paroquiasjoaobosco.com\/index.php\/wp-json\/wp\/v2\/pages"}],"about":[{"href":"http:\/\/www.paroquiasjoaobosco.com\/index.php\/wp-json\/wp\/v2\/types\/page"}],"author":[{"embeddable":true,"href":"http:\/\/www.paroquiasjoaobosco.com\/index.php\/wp-json\/wp\/v2\/users\/1"}],"replies":[{"embeddable":true,"href":"http:\/\/www.paroquiasjoaobosco.com\/index.php\/wp-json\/wp\/v2\/comments?post=633"}],"version-history":[{"count":1,"href":"http:\/\/www.paroquiasjoaobosco.com\/index.php\/wp-json\/wp\/v2\/pages\/633\/revisions"}],"predecessor-version":[{"id":634,"href":"http:\/\/www.paroquiasjoaobosco.com\/index.php\/wp-json\/wp\/v2\/pages\/633\/revisions\/634"}],"wp:attachment":[{"href":"http:\/\/www.paroquiasjoaobosco.com\/index.php\/wp-json\/wp\/v2\/media?parent=633"}],"curies":[{"name":"wp","href":"https:\/\/api.w.org\/{rel}","templated":true}]}}