{"id":637,"date":"2015-11-19T11:51:20","date_gmt":"2015-11-19T11:51:20","guid":{"rendered":"http:\/\/paroquiasjoaobosco.com\/wp\/?page_id=637"},"modified":"2015-11-19T11:51:20","modified_gmt":"2015-11-19T11:51:20","slug":"terco-dos-homens","status":"publish","type":"page","link":"http:\/\/www.paroquiasjoaobosco.com\/index.php\/terco-dos-homens\/","title":{"rendered":"Ter\u00e7o dos Homens"},"content":{"rendered":"<p>Esta pastoral busca levar ao homens viverem uma maior intimidade a recita\u00e7\u00e3o do santo ter\u00e7o.<\/p>\n<p>em nossa paroquia temos um grupo que se re\u00fane as quarta feiras na capela do Sant\u00edssimo as 19:30<\/p>\n","protected":false},"excerpt":{"rendered":"<p>Esta pastoral busca levar ao homens viverem uma maior intimidade a recita\u00e7\u00e3o do santo ter\u00e7o. em nossa paroquia temos um grupo que se re\u00fane as quarta feiras na capela do Sant\u00edssimo as 19:30<\/p>\n","protected":false},"author":1,"featured_media":0,"parent":0,"menu_order":0,"comment_status":"closed","ping_status":"closed","template":"","meta":{"_mi_skip_tracking":false,"_exactmetrics_sitenote_active":false,"_exactmetrics_sitenote_note":"","_exactmetrics_sitenote_category":0},"_links":{"self":[{"href":"http:\/\/www.paroquiasjoaobosco.com\/index.php\/wp-json\/wp\/v2\/pages\/637"}],"collection":[{"href":"http:\/\/www.paroquiasjoaobosco.com\/index.php\/wp-json\/wp\/v2\/pages"}],"about":[{"href":"http:\/\/www.paroquiasjoaobosco.com\/index.php\/wp-json\/wp\/v2\/types\/page"}],"author":[{"embeddable":true,"href":"http:\/\/www.paroquiasjoaobosco.com\/index.php\/wp-json\/wp\/v2\/users\/1"}],"replies":[{"embeddable":true,"href":"http:\/\/www.paroquiasjoaobosco.com\/index.php\/wp-json\/wp\/v2\/comments?post=637"}],"version-history":[{"count":1,"href":"http:\/\/www.paroquiasjoaobosco.com\/index.php\/wp-json\/wp\/v2\/pages\/637\/revisions"}],"predecessor-version":[{"id":638,"href":"http:\/\/www.paroquiasjoaobosco.com\/index.php\/wp-json\/wp\/v2\/pages\/637\/revisions\/638"}],"wp:attachment":[{"href":"http:\/\/www.paroquiasjoaobosco.com\/index.php\/wp-json\/wp\/v2\/media?parent=637"}],"curies":[{"name":"wp","href":"https:\/\/api.w.org\/{rel}","templated":true}]}}