{"id":647,"date":"2015-11-19T12:05:48","date_gmt":"2015-11-19T12:05:48","guid":{"rendered":"http:\/\/paroquiasjoaobosco.com\/wp\/?page_id=647"},"modified":"2015-11-19T12:05:48","modified_gmt":"2015-11-19T12:05:48","slug":"cerimonial-de-celebracoes","status":"publish","type":"page","link":"http:\/\/www.paroquiasjoaobosco.com\/index.php\/cerimonial-de-celebracoes\/","title":{"rendered":"Cerimonial de celebra\u00e7\u00f5es"},"content":{"rendered":"<p>Esta pastoral \u00e9 composta de v\u00e1rios ministros que tem a fun\u00e7\u00e3o de organizarem as celebra\u00e7\u00f5es; de modo especial as grandes celebra\u00e7\u00f5es solenes e Cercos de Jeric\u00f3.<\/p>\n<p>Em nossa paroquia temos um grupo bem organizado.\u00a0 A comunidade S\u00e3o Jo\u00e3o Jo\u00e3o Bosco disp\u00f5e da maioria deles.<\/p>\n","protected":false},"excerpt":{"rendered":"<p>Esta pastoral \u00e9 composta de v\u00e1rios ministros que tem a fun\u00e7\u00e3o de organizarem as celebra\u00e7\u00f5es; de modo especial as grandes celebra\u00e7\u00f5es solenes e Cercos de Jeric\u00f3. Em nossa paroquia temos um grupo bem organizado.\u00a0 A comunidade S\u00e3o Jo\u00e3o Jo\u00e3o Bosco disp\u00f5e da maioria deles.<\/p>\n","protected":false},"author":1,"featured_media":0,"parent":0,"menu_order":0,"comment_status":"closed","ping_status":"closed","template":"","meta":{"_mi_skip_tracking":false,"_exactmetrics_sitenote_active":false,"_exactmetrics_sitenote_note":"","_exactmetrics_sitenote_category":0},"_links":{"self":[{"href":"http:\/\/www.paroquiasjoaobosco.com\/index.php\/wp-json\/wp\/v2\/pages\/647"}],"collection":[{"href":"http:\/\/www.paroquiasjoaobosco.com\/index.php\/wp-json\/wp\/v2\/pages"}],"about":[{"href":"http:\/\/www.paroquiasjoaobosco.com\/index.php\/wp-json\/wp\/v2\/types\/page"}],"author":[{"embeddable":true,"href":"http:\/\/www.paroquiasjoaobosco.com\/index.php\/wp-json\/wp\/v2\/users\/1"}],"replies":[{"embeddable":true,"href":"http:\/\/www.paroquiasjoaobosco.com\/index.php\/wp-json\/wp\/v2\/comments?post=647"}],"version-history":[{"count":1,"href":"http:\/\/www.paroquiasjoaobosco.com\/index.php\/wp-json\/wp\/v2\/pages\/647\/revisions"}],"predecessor-version":[{"id":648,"href":"http:\/\/www.paroquiasjoaobosco.com\/index.php\/wp-json\/wp\/v2\/pages\/647\/revisions\/648"}],"wp:attachment":[{"href":"http:\/\/www.paroquiasjoaobosco.com\/index.php\/wp-json\/wp\/v2\/media?parent=647"}],"curies":[{"name":"wp","href":"https:\/\/api.w.org\/{rel}","templated":true}]}}