{"id":649,"date":"2015-11-19T12:14:32","date_gmt":"2015-11-19T12:14:32","guid":{"rendered":"http:\/\/paroquiasjoaobosco.com\/wp\/?page_id=649"},"modified":"2015-11-19T12:53:40","modified_gmt":"2015-11-19T12:53:40","slug":"cerimonial-de-matrimonio","status":"publish","type":"page","link":"http:\/\/www.paroquiasjoaobosco.com\/index.php\/cerimonial-de-matrimonio\/","title":{"rendered":"Cerimonial de Matrim\u00f4nio"},"content":{"rendered":"<p>Esta pastoral auxilia a paroquia na organiza\u00e7\u00e3o e realiza\u00e7\u00e3o dos matrim\u00f4nios, bem como auxilia os noivos nos detalhes e escolhas de m\u00fasicas e organiza\u00e7\u00e3o da celebra\u00e7\u00e3o.<\/p>\n<p>Em nossa paroquia temos duas boas equipes bem preparadas para esse servi\u00e7o; na comunidade Matriz S\u00e3o Jo\u00e3o Bosco e na Comunidade Santa Ana.<\/p>\n<hr \/>\n<p>Para informa\u00e7\u00f5es sobre a cerim\u00f4nia e como proceder na prepara\u00e7\u00e3o a celebra\u00e7\u00e3o temos este site com todas as orienta\u00e7\u00f5es:<\/p>\n<p><span style=\"color: #0000ff;\">site: matrimoniosaojoaobosco.webnode.com <\/span><\/p>\n<p><span style=\"color: #0000ff;\">\u00a0<\/span><\/p>\n","protected":false},"excerpt":{"rendered":"<p>Esta pastoral auxilia a paroquia na organiza\u00e7\u00e3o e realiza\u00e7\u00e3o dos matrim\u00f4nios, bem como auxilia os noivos nos detalhes e escolhas de m\u00fasicas e organiza\u00e7\u00e3o da celebra\u00e7\u00e3o. Em nossa paroquia temos duas boas equipes bem preparadas para esse servi\u00e7o; na comunidade Matriz S\u00e3o Jo\u00e3o Bosco e na Comunidade Santa Ana. Para[&#8230;]<\/p>\n","protected":false},"author":1,"featured_media":0,"parent":0,"menu_order":0,"comment_status":"closed","ping_status":"closed","template":"","meta":{"_mi_skip_tracking":false,"_exactmetrics_sitenote_active":false,"_exactmetrics_sitenote_note":"","_exactmetrics_sitenote_category":0},"_links":{"self":[{"href":"http:\/\/www.paroquiasjoaobosco.com\/index.php\/wp-json\/wp\/v2\/pages\/649"}],"collection":[{"href":"http:\/\/www.paroquiasjoaobosco.com\/index.php\/wp-json\/wp\/v2\/pages"}],"about":[{"href":"http:\/\/www.paroquiasjoaobosco.com\/index.php\/wp-json\/wp\/v2\/types\/page"}],"author":[{"embeddable":true,"href":"http:\/\/www.paroquiasjoaobosco.com\/index.php\/wp-json\/wp\/v2\/users\/1"}],"replies":[{"embeddable":true,"href":"http:\/\/www.paroquiasjoaobosco.com\/index.php\/wp-json\/wp\/v2\/comments?post=649"}],"version-history":[{"count":3,"href":"http:\/\/www.paroquiasjoaobosco.com\/index.php\/wp-json\/wp\/v2\/pages\/649\/revisions"}],"predecessor-version":[{"id":661,"href":"http:\/\/www.paroquiasjoaobosco.com\/index.php\/wp-json\/wp\/v2\/pages\/649\/revisions\/661"}],"wp:attachment":[{"href":"http:\/\/www.paroquiasjoaobosco.com\/index.php\/wp-json\/wp\/v2\/media?parent=649"}],"curies":[{"name":"wp","href":"https:\/\/api.w.org\/{rel}","templated":true}]}}