{"id":669,"date":"2015-11-19T19:51:45","date_gmt":"2015-11-19T19:51:45","guid":{"rendered":"http:\/\/paroquiasjoaobosco.com\/wp\/?page_id=669"},"modified":"2015-11-25T14:54:27","modified_gmt":"2015-11-25T14:54:27","slug":"nossa-historia","status":"publish","type":"page","link":"http:\/\/www.paroquiasjoaobosco.com\/index.php\/nossa-historia\/","title":{"rendered":"Quem Somos"},"content":{"rendered":"<h2><span style=\"color: #000000; font-family: Times New Roman;\">Hist\u00f3rico da Par\u00f3quia S\u00e3o Jo\u00e3o Bosco<\/span><\/h2>\n<p><span style=\"color: #000000; font-family: Times New Roman;\">\u00a0<\/span><\/p>\n<p><span style=\"color: #000000; font-family: Times New Roman;\">H\u00e1 mais de vinte anos a Par\u00f3quia S\u00e3o Jo\u00e3o Bosco, se acha instalada no Parque Residencial Eloy Chaves. Em 1980 foi doada uma \u00e1rea de um pouco mais de 7.000m pelo Sr. Vail Chaves e Sra Antonieta Cintra Chaves Gordinho, destinada \u00e0 constru\u00e7\u00e3o da Igreja. No dia 08 de dezembro de 1980, dia consagrado a Imaculada Concei\u00e7\u00e3o, foi realizada a Primeira Missa Campal, presidida por Dom Roberto Pinarello de Almeida, ent\u00e3o Bispo Diocesano de Jundia\u00ed, tendo como co celebrante o Padre Eduardo, que serviu como marco inicial da imiss\u00e3o de posse da Par\u00f3quia no im\u00f3vel que receber\u00e1 em doa\u00e7\u00e3o. Ap\u00f3s este evento marcante, toda comunidade uniu-se em torno da busca de recursos para constru\u00e7\u00e3o da Igreja Provis\u00f3ria. <\/span><\/p>\n<p><span style=\"color: #000000; font-family: Times New Roman;\">Atualmente\u00a0 as Missas e Celebra\u00e7\u00f5es s\u00e3o realizadas nas depend\u00eancias do Sal\u00e3o para Festas, vez que a antiga Igreja foi demolida, por problemas t\u00e9cnicos de ordem estrutural, sendo que demoli\u00e7\u00e3o ocorreu no inicio do ano 1999.<\/span><\/p>\n<p><span style=\"color: #000000; font-family: Times New Roman;\">O Padre Benevenuto Felipe Nery, Salesiano que se encontrava \u00e0 frente da Par\u00f3quia, deu inicio para que os Salesianos fossem os primeiros administradores da Par\u00f3quia e assim constituir o Padroeiro da Igreja, S\u00e3o Jo\u00e3o Bosco, por solicita\u00e7\u00e3o da Inspetoria Salesiano de S\u00e3o Paulo. Em agosto de 1985, \u00e9 que foi canonicamente constitu\u00edda a nova Par\u00f3quia de S\u00e3o Jo\u00e3o Bosco, criando a partir de ent\u00e3o, personalidade jur\u00eddica pr\u00f3pria, formalizada atrav\u00e9s de Decretos do ent\u00e3o Bispo Diocesano, Dom Roberto de Almeida.<\/span><\/p>\n<p><span style=\"color: #000000; font-family: Times New Roman;\">Em\u00a0 2004, o ent\u00e3o P\u00e1roco Jos\u00e9 Luiz Nascibem, convidou o Paroquiano e arquiteto Marcelo Alexandre Medeiros da Silva, para elabora\u00e7\u00e3o do projeto da Igreja Matriz, que ap\u00f3s aprova\u00e7\u00e3o do Bispo Diocesano Gil Antonio Moreira, foi encaminhada \u00e0 Prefeitura Municipal para aprova\u00e7\u00e3o e sob a administra\u00e7\u00e3o do atual P\u00e1roco Jo\u00e3o Batista Carvalho.<\/span><\/p>\n<p><span style=\"color: #000000; font-family: Times New Roman;\">A Par\u00f3quia S\u00e3o Jo\u00e3o Bosco \u00e9 composta pela Matriz sediada no Parque Eloy Chaves; Comunidade Nossa Senhora de F\u00e1tima no bairro do Medeiros; Comunidade Sant\u2019Anna no Jardim Ana Carolina e Comunidade Nossa Senhora Aparecida na Fazenda Ermida. Ainda a Par\u00f3quia se responsabiliza pelas Missas e Celebra\u00e7\u00f5es nas depend\u00eancias do Uirapuru Country Club.<\/span><\/p>\n<p><span style=\"color: #000000; font-family: Times New Roman;\">O primeiro respons\u00e1vel pela Par\u00f3quia S\u00e3o Jo\u00e3o Bosco foi o Padre Geraldo quando as missas eram realizadas nas depend\u00eancias da Escola Brando. Depois veio o Padre Benevenuto Felipe Nery, Salesiano, que permaneceu por um ano sendo substitu\u00eddo pelo Padre Eduardo Nunes Sarridel, tamb\u00e9m Salesiano, que permaneceu por tr\u00eas anos. Posteriormente, a Par\u00f3quia foi assumida pelo Padre Wagner Medeiros por cinco anos e depois foi substitu\u00eddo pelo Padre Fernando Varela Neto por quatro anos. Ap\u00f3s este, o Padre Luiz Aranha, respons\u00e1vel pela constru\u00e7\u00e3o da Casa Paroquial, ficou \u00e0 frente por mais dois anos, sendo substitu\u00eddo pelo Padre Jos\u00e9 Luiz Nascibem. Por ultimo temos o atual Padre Jo\u00e3o Batista Carvalho, que tomou posse da nossa Par\u00f3quia, dia 27 de fevereiro de 2005. A Par\u00f3quia S\u00e3o Jo\u00e3o Bosco conta tamb\u00e9m<\/span><\/p>\n<p><span style=\"color: #000000; font-family: Times New Roman;\">Com o Di\u00e1cono Benedito Pedro Toledo de Oliveira, ordenado dia 09 de dezembro de 1990.<\/span><\/p>\n<p><span style=\"color: #000000; font-family: Times New Roman;\">Gra\u00e7as a DEUS, ap\u00f3s muitos anos de luta e muito trabalho e dedica\u00e7\u00e3o de toda \u00e0 comunidade, que em 29 de maio de 2005, foi efetivado o assentamento da pedra fundamental para edifica\u00e7\u00e3o da nova Igreja, com a presen\u00e7a do Bispo Diocesano Dom Gil Moreira, que fez a ben\u00e7\u00e3o da pedra, ap\u00f3s a celebra\u00e7\u00e3o eucar\u00edstica sob a presid\u00eancia do Padre Jo\u00e3o Batista Carvalho.<\/span><\/p>\n<p><strong>Em breve continua\u00e7\u00e3o &#8230;<\/strong><\/p>\n<p><span style=\"color: #000000; font-family: Times New Roman;\">\u00a0\u00a0\u00a0 \u00a0\u00a0\u00a0\u00a0\u00a0\u00a0\u00a0<\/span><\/p>\n","protected":false},"excerpt":{"rendered":"<p>Hist\u00f3rico da Par\u00f3quia S\u00e3o Jo\u00e3o Bosco \u00a0 H\u00e1 mais de vinte anos a Par\u00f3quia S\u00e3o Jo\u00e3o Bosco, se acha instalada no Parque Residencial Eloy Chaves. Em 1980 foi doada uma \u00e1rea de um pouco mais de 7.000m pelo Sr. Vail Chaves e Sra Antonieta Cintra Chaves Gordinho, destinada \u00e0 constru\u00e7\u00e3o[&#8230;]<\/p>\n","protected":false},"author":1,"featured_media":0,"parent":0,"menu_order":0,"comment_status":"closed","ping_status":"closed","template":"","meta":{"_mi_skip_tracking":false,"_exactmetrics_sitenote_active":false,"_exactmetrics_sitenote_note":"","_exactmetrics_sitenote_category":0},"_links":{"self":[{"href":"http:\/\/www.paroquiasjoaobosco.com\/index.php\/wp-json\/wp\/v2\/pages\/669"}],"collection":[{"href":"http:\/\/www.paroquiasjoaobosco.com\/index.php\/wp-json\/wp\/v2\/pages"}],"about":[{"href":"http:\/\/www.paroquiasjoaobosco.com\/index.php\/wp-json\/wp\/v2\/types\/page"}],"author":[{"embeddable":true,"href":"http:\/\/www.paroquiasjoaobosco.com\/index.php\/wp-json\/wp\/v2\/users\/1"}],"replies":[{"embeddable":true,"href":"http:\/\/www.paroquiasjoaobosco.com\/index.php\/wp-json\/wp\/v2\/comments?post=669"}],"version-history":[{"count":2,"href":"http:\/\/www.paroquiasjoaobosco.com\/index.php\/wp-json\/wp\/v2\/pages\/669\/revisions"}],"predecessor-version":[{"id":807,"href":"http:\/\/www.paroquiasjoaobosco.com\/index.php\/wp-json\/wp\/v2\/pages\/669\/revisions\/807"}],"wp:attachment":[{"href":"http:\/\/www.paroquiasjoaobosco.com\/index.php\/wp-json\/wp\/v2\/media?parent=669"}],"curies":[{"name":"wp","href":"https:\/\/api.w.org\/{rel}","templated":true}]}}