{"id":704,"date":"2015-11-19T20:25:34","date_gmt":"2015-11-19T20:25:34","guid":{"rendered":"http:\/\/paroquiasjoaobosco.com\/wp\/?page_id=704"},"modified":"2016-10-05T16:13:54","modified_gmt":"2016-10-05T16:13:54","slug":"grupos-de-jovens","status":"publish","type":"page","link":"http:\/\/www.paroquiasjoaobosco.com\/index.php\/grupos-de-jovens\/","title":{"rendered":"* Grupos de jovens"},"content":{"rendered":"<h2>Temos em nossa par\u00f3quia tr\u00eas grupos de jovens:<\/h2>\n<p><span style=\"text-decoration: underline;\">No bairro Eloy Chaves, comunidade S\u00e3o Jo\u00e3o Bosco:<\/span><\/p>\n<p><a href=\"http:\/\/paroquiasjoaobosco.com\/wp-content\/uploads\/2015\/11\/jauac.jpg\" rel=\"fancybox[704]\"><img decoding=\"async\" loading=\"lazy\" class=\"wp-image-915 alignnone\" src=\"http:\/\/paroquiasjoaobosco.com\/wp-content\/uploads\/2015\/11\/jauac.jpg\" alt=\"jauac\" width=\"161\" height=\"165\" srcset=\"http:\/\/www.paroquiasjoaobosco.com\/wp-content\/uploads\/2015\/11\/jauac.jpg 500w, http:\/\/www.paroquiasjoaobosco.com\/wp-content\/uploads\/2015\/11\/jauac-292x300.jpg 292w\" sizes=\"(max-width: 161px) 100vw, 161px\" \/><\/a><\/p>\n<p><strong>\u00a0JAUAC &#8211; Jovens Amigos Unidos no Amor de\u00a0 Cristo<\/strong>; come\u00e7a com a missa das 18:30 aos s\u00e1bados<\/p>\n<hr \/>\n<p><span style=\"text-decoration: underline;\">No bairro Medeiros, Comunidade N. S. F\u00e1tima:<\/span><\/p>\n<p><a href=\"http:\/\/paroquiasjoaobosco.com\/wp-content\/uploads\/2015\/09\/jucam.jpg\" rel=\"fancybox[704]\"><img decoding=\"async\" loading=\"lazy\" class=\" wp-image-911 alignnone\" src=\"http:\/\/paroquiasjoaobosco.com\/wp-content\/uploads\/2015\/09\/jucam.jpg\" alt=\"jucam\" width=\"189\" height=\"189\" srcset=\"http:\/\/www.paroquiasjoaobosco.com\/wp-content\/uploads\/2015\/09\/jucam.jpg 330w, http:\/\/www.paroquiasjoaobosco.com\/wp-content\/uploads\/2015\/09\/jucam-300x300.jpg 300w, http:\/\/www.paroquiasjoaobosco.com\/wp-content\/uploads\/2015\/09\/jucam-100x100.jpg 100w\" sizes=\"(max-width: 189px) 100vw, 189px\" \/><\/a><\/p>\n<p><strong>JUCAM &#8211; Jovens Unidos Caminhando no Amor de Maria<\/strong>; come\u00e7a com a missa as 18:30\u00a0aos s\u00e1bados<\/p>\n<hr \/>\n<p><span style=\"text-decoration: underline;\">No bairro\u00a0 Sarapiranga,\u00a0 Comunidade Santa Ana:<\/span><\/p>\n<p><a href=\"http:\/\/paroquiasjoaobosco.com\/wp-content\/uploads\/2015\/11\/12794521_452912434916566_3396319411643792857_n.jpg\" rel=\"fancybox[704]\"><img decoding=\"async\" loading=\"lazy\" class=\"size-full wp-image-916 alignnone\" src=\"http:\/\/paroquiasjoaobosco.com\/wp-content\/uploads\/2015\/11\/12794521_452912434916566_3396319411643792857_n.jpg\" alt=\"12794521_452912434916566_3396319411643792857_n\" width=\"180\" height=\"180\" srcset=\"http:\/\/www.paroquiasjoaobosco.com\/wp-content\/uploads\/2015\/11\/12794521_452912434916566_3396319411643792857_n.jpg 180w, http:\/\/www.paroquiasjoaobosco.com\/wp-content\/uploads\/2015\/11\/12794521_452912434916566_3396319411643792857_n-100x100.jpg 100w\" sizes=\"(max-width: 180px) 100vw, 180px\" \/><\/a><\/p>\n<p><strong>Yahweh<\/strong>; come\u00e7a com a missa as 18:30\u00a0aos s\u00e1bados<\/p>\n","protected":false},"excerpt":{"rendered":"<p>Temos em nossa par\u00f3quia tr\u00eas grupos de jovens: No bairro Eloy Chaves, comunidade S\u00e3o Jo\u00e3o Bosco: \u00a0JAUAC &#8211; Jovens Amigos Unidos no Amor de\u00a0 Cristo; come\u00e7a com a missa das 18:30 aos s\u00e1bados No bairro Medeiros, Comunidade N. S. F\u00e1tima: JUCAM &#8211; Jovens Unidos Caminhando no Amor de Maria; come\u00e7a[&#8230;]<\/p>\n","protected":false},"author":1,"featured_media":0,"parent":0,"menu_order":0,"comment_status":"closed","ping_status":"closed","template":"","meta":{"_mi_skip_tracking":false,"_exactmetrics_sitenote_active":false,"_exactmetrics_sitenote_note":"","_exactmetrics_sitenote_category":0},"_links":{"self":[{"href":"http:\/\/www.paroquiasjoaobosco.com\/index.php\/wp-json\/wp\/v2\/pages\/704"}],"collection":[{"href":"http:\/\/www.paroquiasjoaobosco.com\/index.php\/wp-json\/wp\/v2\/pages"}],"about":[{"href":"http:\/\/www.paroquiasjoaobosco.com\/index.php\/wp-json\/wp\/v2\/types\/page"}],"author":[{"embeddable":true,"href":"http:\/\/www.paroquiasjoaobosco.com\/index.php\/wp-json\/wp\/v2\/users\/1"}],"replies":[{"embeddable":true,"href":"http:\/\/www.paroquiasjoaobosco.com\/index.php\/wp-json\/wp\/v2\/comments?post=704"}],"version-history":[{"count":10,"href":"http:\/\/www.paroquiasjoaobosco.com\/index.php\/wp-json\/wp\/v2\/pages\/704\/revisions"}],"predecessor-version":[{"id":918,"href":"http:\/\/www.paroquiasjoaobosco.com\/index.php\/wp-json\/wp\/v2\/pages\/704\/revisions\/918"}],"wp:attachment":[{"href":"http:\/\/www.paroquiasjoaobosco.com\/index.php\/wp-json\/wp\/v2\/media?parent=704"}],"curies":[{"name":"wp","href":"https:\/\/api.w.org\/{rel}","templated":true}]}}