{"id":72,"date":"2015-09-22T02:23:47","date_gmt":"2015-09-22T02:23:47","guid":{"rendered":"http:\/\/paroquiasjoaobosco.com\/wp\/?page_id=72"},"modified":"2015-11-24T18:14:07","modified_gmt":"2015-11-24T18:14:07","slug":"comunidades","status":"publish","type":"page","link":"http:\/\/www.paroquiasjoaobosco.com\/index.php\/comunidades\/","title":{"rendered":"Comunidades \/ Avisos"},"content":{"rendered":"<p><strong>Nossas Comunidades:<\/strong><\/p>\n<p><strong><span style=\"color: #0000ff;\">Comunidade\u00a0S\u00e3o Jo\u00e3o Bosco(Matriz):<\/span><br \/>\n<\/strong><strong>Endere\u00e7o:<\/strong> Av. Benedicto Castilho de Andrade, 1091<br \/>\n<strong>Bairro:<\/strong> Eloy Chaves &#8211; Jundia\u00ed<br \/>\n<strong>Telefone:<\/strong> (11) 4582-4529<br \/>\n<strong>E-mail:<\/strong>\u00a0<a href=\"mailto:secretaria@paroquiasjoaobosco.com\">secretaria@paroquiasjoaobosco.com<\/a><br \/>\n<strong>Facebook:<\/strong>\u00a0<a href=\"https:\/\/www.facebook.com\/pages\/Par%C3%B3quia-S-Jo%C3%A3o-Bosco\/669675769760507?fref=ts\" target=\"_blank\">Par\u00f3quia S\u00e3o Jo\u00e3o Bosco <\/a><br \/>\n<strong>Youtube:<\/strong>\u00a0<a href=\"https:\/\/www.youtube.com\/channel\/UCwvRXix6T5icIjFacla6E-A\" target=\"_blank\">Nosso Canal<\/a><\/p>\n<p><span style=\"color: #0000ff;\"><strong>Nossa Senhora de F\u00e1tima:<\/strong><\/span><br \/>\n<strong>Endere\u00e7o:<\/strong> Rodovia Dom Gabriel Paulino Bueno Couto, s\/n \u2013\u00a0Medeiros \u2013 13212-240 \u2013 Jundia\u00ed\/SP<br \/>\n<strong>Fone:<\/strong> (11) 4525-0820<br \/>\n<strong>E-mail:<\/strong> nsfatima@paroquiasjoaobosco.com<\/p>\n<p><span style=\"color: #0000ff;\"><strong>Santa Anna:<\/strong><\/span><br \/>\n<strong>Endere\u00e7o:<\/strong> Av. Jos\u00e9 Gotardo, s\/n \u2013 Jardim Carolina \u2013 13200-000 \u2013 Jundia\u00ed\/SP<br \/>\n<strong>E-mail:<\/strong> santanna@paroquiasjoaobosco.com<\/p>\n<p><span style=\"color: #0000ff;\"><strong>Nossa Senhora Aparecida:<\/strong><\/span><br \/>\n<strong>Endere\u00e7o:<\/strong> Fazenda Ermida &#8211; 13200-000 &#8211; Jundia\u00ed\/SP<br \/>\n<strong>E-mail:<\/strong> nsaparecida@paroquiasjoaobosco.com<\/p>\n<p><span style=\"color: #0000ff;\"><strong>Nossa Senhora das Dores:<\/strong><\/span><br \/>\n<strong>Endere\u00e7o:<\/strong> Rua Sabi\u00e1, 110 \u2013 Portal do Medeiros \u2013 13212-820 \u2013 Jundia\u00ed\/SP<br \/>\n<strong>E-mail:<\/strong> nsdores@paroquiasjoaobosco.com<\/p>\n<p><span style=\"color: #0000ff;\"><strong>Clube Uirapuru:<\/strong><\/span><br \/>\n<strong>Endere\u00e7o:<\/strong> Av. Manoel Teixeira Cabral, 777\u00a0\u2013\u00a0Jardim Planalto \u2013 13211-224 \u2013 Jundia\u00ed\/SP<\/p>\n<p><strong>Hor\u00e1rio de Missas e Celebra\u00e7\u00f5es:<\/strong>\u00a0<a href=\"http:\/\/paroquiasjoaobosco.com\/wp\/index.php\/2015\/09\/22\/missas-da-paroquia\/\"> Clique Aqui! <\/a><\/p>\n","protected":false},"excerpt":{"rendered":"<p>Nossas Comunidades: Comunidade\u00a0S\u00e3o Jo\u00e3o Bosco(Matriz): Endere\u00e7o: Av. Benedicto Castilho de Andrade, 1091 Bairro: Eloy Chaves &#8211; Jundia\u00ed Telefone: (11) 4582-4529 E-mail:\u00a0secretaria@paroquiasjoaobosco.com Facebook:\u00a0Par\u00f3quia S\u00e3o Jo\u00e3o Bosco Youtube:\u00a0Nosso Canal Nossa Senhora de F\u00e1tima: Endere\u00e7o: Rodovia Dom Gabriel Paulino Bueno Couto, s\/n \u2013\u00a0Medeiros \u2013 13212-240 \u2013 Jundia\u00ed\/SP Fone: (11) 4525-0820 E-mail: nsfatima@paroquiasjoaobosco.com Santa[&#8230;]<\/p>\n","protected":false},"author":1,"featured_media":0,"parent":0,"menu_order":7,"comment_status":"closed","ping_status":"closed","template":"","meta":{"_mi_skip_tracking":false,"_exactmetrics_sitenote_active":false,"_exactmetrics_sitenote_note":"","_exactmetrics_sitenote_category":0},"_links":{"self":[{"href":"http:\/\/www.paroquiasjoaobosco.com\/index.php\/wp-json\/wp\/v2\/pages\/72"}],"collection":[{"href":"http:\/\/www.paroquiasjoaobosco.com\/index.php\/wp-json\/wp\/v2\/pages"}],"about":[{"href":"http:\/\/www.paroquiasjoaobosco.com\/index.php\/wp-json\/wp\/v2\/types\/page"}],"author":[{"embeddable":true,"href":"http:\/\/www.paroquiasjoaobosco.com\/index.php\/wp-json\/wp\/v2\/users\/1"}],"replies":[{"embeddable":true,"href":"http:\/\/www.paroquiasjoaobosco.com\/index.php\/wp-json\/wp\/v2\/comments?post=72"}],"version-history":[{"count":8,"href":"http:\/\/www.paroquiasjoaobosco.com\/index.php\/wp-json\/wp\/v2\/pages\/72\/revisions"}],"predecessor-version":[{"id":759,"href":"http:\/\/www.paroquiasjoaobosco.com\/index.php\/wp-json\/wp\/v2\/pages\/72\/revisions\/759"}],"wp:attachment":[{"href":"http:\/\/www.paroquiasjoaobosco.com\/index.php\/wp-json\/wp\/v2\/media?parent=72"}],"curies":[{"name":"wp","href":"https:\/\/api.w.org\/{rel}","templated":true}]}}